{"id":795,"date":"2016-07-03T16:15:35","date_gmt":"2016-07-03T16:15:35","guid":{"rendered":"http:\/\/fitnesskjellerup.dk\/?page_id=795"},"modified":"2016-07-03T16:15:35","modified_gmt":"2016-07-03T16:15:35","slug":"handelsbetingelser","status":"publish","type":"page","link":"http:\/\/fitnesskjellerup.dk\/?page_id=795","title":{"rendered":"Handelsbetingelser"},"content":{"rendered":"<h1>Handelsbetingelser<\/h1>\n<p><strong>Betaling<\/strong><\/p>\n<p>Fitness Kjellerup modtager betaling med \u00a0Dankort, VISA\/Dankort, VISA, VISA Elecktron, Mastercard og Paypal. Desuden er der mulighed for at tilmelde betalingen til PBS. Betaling vil f\u00f8rst blive trukket p\u00e5 din konto, n\u00e5r du k\u00f8ber dit abonnement. Ved betalinge via PBS opkr\u00e6ves betalingen automatisk med m\u00e5nedlige opkr\u00e6vninger, s\u00e5 l\u00e6nge dit abonnement er aktivt. Fitness Kjellerup\u00a0krypterer alle dine kortoplysninger med den s\u00e5kaldte SSL (Secure Socket Layer) protokol. Det betyder, at uvedkommende ikke kan afl\u00e6se dit kortnummer eller andre informationer under transaktionen med PBS.<\/p>\n<p><b>Aktivering<\/b><\/p>\n<p>Dit medlemskab er aktivt s\u00e5 snart din betaling er gennemf\u00f8rt. For udmeldelse se \u201cmedlemsbetingelser\u201d<\/p>\n<p><strong>Reklamation\u00a0<\/strong><\/p>\n<p>Enhver reklamation skal rettes skriftligt til:<\/p>\n<p><a href=\"mailto:Kontakt@fitnesskjellerup.dk\" target=\"_blank\">Kontakt@fitnesskjellerup.dk<\/a><\/p>\n<p><strong>Refusion<\/strong><\/p>\n<p>Eventuel refusion udm\u00e5les efter antal resterende dage i medlemsskabsaftalen for tidspunktet for reklamationen.<\/p>\n<p><strong>Fortrydelsesret<\/strong><\/p>\n<p>Hvis du v\u00e6lger at fortryde et k\u00f8b, yder Fitness Kjellerup 14 dages returret. For at returretten kan ud\u00f8ves skal der indenfor 14 dages efter k\u00f8bet rettes skriftlig henvendelse herom til:<\/p>\n<p><a href=\"mailto:Kontakt@fitnesskjellerup.dk\" target=\"_blank\">Kontakt@fitnesskjellerup.dk<\/a><\/p>\n<p><b>Medlemsbetingelser<\/b><\/p>\n<p>Vi henviser i \u00f8vrigt til vore medlemsbetingelser andetsteds p\u00e5 <a href=\"http:\/\/fitnesskjellerup.dk\/\" target=\"_blank\" data-saferedirecturl=\"https:\/\/www.google.com\/url?hl=da&amp;q=http:\/\/fitnesskjellerup.dk&amp;source=gmail&amp;ust=1467648902241000&amp;usg=AFQjCNEtZgz1dxvAIPHePkr85UP-d348QA\">fitnesskjellerup.dk<\/a><\/p>\n","protected":false},"excerpt":{"rendered":"<p>Handelsbetingelser Betaling Fitness Kjellerup modtager betaling med \u00a0Dankort, VISA\/Dankort, VISA, VISA Elecktron, Mastercard og Paypal. Desuden er der mulighed for at tilmelde betalingen til PBS. Betaling vil f\u00f8rst blive trukket p\u00e5 din konto, n\u00e5r du k\u00f8ber dit abonnement. Ved betalinge via PBS opkr\u00e6ves betalingen automatisk med m\u00e5nedlige opkr\u00e6vninger, s\u00e5 l\u00e6nge dit abonnement er aktivt. Fitness&hellip;<\/p>\n","protected":false},"author":1,"featured_media":0,"parent":0,"menu_order":0,"comment_status":"closed","ping_status":"closed","template":"","meta":{"jetpack_post_was_ever_published":false,"footnotes":""},"yoast_head":"<!-- This site is optimized with the Yoast SEO plugin v19.10 - https:\/\/yoast.com\/wordpress\/plugins\/seo\/ -->\n<title>Handelsbetingelser - Fitness Kjellerup<\/title>\n<meta name=\"robots\" content=\"index, follow, max-snippet:-1, max-image-preview:large, max-video-preview:-1\" \/>\n<link rel=\"canonical\" href=\"http:\/\/fitnesskjellerup.dk\/?page_id=795\" \/>\n<meta property=\"og:locale\" content=\"da_DK\" \/>\n<meta property=\"og:type\" content=\"article\" \/>\n<meta property=\"og:title\" content=\"Handelsbetingelser - Fitness Kjellerup\" \/>\n<meta property=\"og:description\" content=\"Handelsbetingelser Betaling Fitness Kjellerup modtager betaling med \u00a0Dankort, VISA\/Dankort, VISA, VISA Elecktron, Mastercard og Paypal. Desuden er der mulighed for at tilmelde betalingen til PBS. Betaling vil f\u00f8rst blive trukket p\u00e5 din konto, n\u00e5r du k\u00f8ber dit abonnement. Ved betalinge via PBS opkr\u00e6ves betalingen automatisk med m\u00e5nedlige opkr\u00e6vninger, s\u00e5 l\u00e6nge dit abonnement er aktivt. Fitness&hellip;\" \/>\n<meta property=\"og:url\" content=\"http:\/\/fitnesskjellerup.dk\/?page_id=795\" \/>\n<meta property=\"og:site_name\" content=\"Fitness Kjellerup\" \/>\n<meta property=\"article:publisher\" content=\"https:\/\/www.facebook.com\/fitnesskjellerup.dk\/?fref=ts\" \/>\n<meta name=\"twitter:card\" content=\"summary_large_image\" \/>\n<meta name=\"twitter:label1\" content=\"Estimeret l\u00e6setid\" \/>\n\t<meta name=\"twitter:data1\" content=\"1 minut\" \/>\n<script type=\"application\/ld+json\" class=\"yoast-schema-graph\">{\"@context\":\"https:\/\/schema.org\",\"@graph\":[{\"@type\":\"WebPage\",\"@id\":\"http:\/\/fitnesskjellerup.dk\/?page_id=795\",\"url\":\"http:\/\/fitnesskjellerup.dk\/?page_id=795\",\"name\":\"Handelsbetingelser - Fitness Kjellerup\",\"isPartOf\":{\"@id\":\"http:\/\/fitnesskjellerup.dk\/#website\"},\"datePublished\":\"2016-07-03T16:15:35+00:00\",\"dateModified\":\"2016-07-03T16:15:35+00:00\",\"breadcrumb\":{\"@id\":\"http:\/\/fitnesskjellerup.dk\/?page_id=795#breadcrumb\"},\"inLanguage\":\"da-DK\",\"potentialAction\":[{\"@type\":\"ReadAction\",\"target\":[\"http:\/\/fitnesskjellerup.dk\/?page_id=795\"]}]},{\"@type\":\"BreadcrumbList\",\"@id\":\"http:\/\/fitnesskjellerup.dk\/?page_id=795#breadcrumb\",\"itemListElement\":[{\"@type\":\"ListItem\",\"position\":1,\"name\":\"Hjem\",\"item\":\"http:\/\/fitnesskjellerup.dk\/\"},{\"@type\":\"ListItem\",\"position\":2,\"name\":\"Handelsbetingelser\"}]},{\"@type\":\"WebSite\",\"@id\":\"http:\/\/fitnesskjellerup.dk\/#website\",\"url\":\"http:\/\/fitnesskjellerup.dk\/\",\"name\":\"Fitness Kjellerup\",\"description\":\"Fitness Kjellerup er det lokale fitness center for Kjellerup og omegn. Her er 1100 m2 center, med et stort udvalg af maskiner, v\u00e6gte, st\u00e6nger og kredsl\u00f8bmaskiner. Vi tilbyder on-line tilmelding og adgang via chip-brik. Der er holdtr\u00e6ning i sal, og der er stor crossfit sal med meget crosfit udstyr.  Der tilbydes omkl\u00e6dning- og badefaciliteter.\",\"publisher\":{\"@id\":\"http:\/\/fitnesskjellerup.dk\/#organization\"},\"potentialAction\":[{\"@type\":\"SearchAction\",\"target\":{\"@type\":\"EntryPoint\",\"urlTemplate\":\"http:\/\/fitnesskjellerup.dk\/?s={search_term_string}\"},\"query-input\":\"required name=search_term_string\"}],\"inLanguage\":\"da-DK\"},{\"@type\":\"Organization\",\"@id\":\"http:\/\/fitnesskjellerup.dk\/#organization\",\"name\":\"Fitness Kjellerup\",\"url\":\"http:\/\/fitnesskjellerup.dk\/\",\"logo\":{\"@type\":\"ImageObject\",\"inLanguage\":\"da-DK\",\"@id\":\"http:\/\/fitnesskjellerup.dk\/#\/schema\/logo\/image\/\",\"url\":\"https:\/\/i0.wp.com\/fitnesskjellerup.dk\/wp-content\/uploads\/2016\/07\/Logo4.jpg?fit=157%2C80\",\"contentUrl\":\"https:\/\/i0.wp.com\/fitnesskjellerup.dk\/wp-content\/uploads\/2016\/07\/Logo4.jpg?fit=157%2C80\",\"width\":157,\"height\":80,\"caption\":\"Fitness Kjellerup\"},\"image\":{\"@id\":\"http:\/\/fitnesskjellerup.dk\/#\/schema\/logo\/image\/\"},\"sameAs\":[\"https:\/\/www.facebook.com\/fitnesskjellerup.dk\/?fref=ts\"]}]}<\/script>\n<!-- \/ Yoast SEO plugin. -->","yoast_head_json":{"title":"Handelsbetingelser - Fitness Kjellerup","robots":{"index":"index","follow":"follow","max-snippet":"max-snippet:-1","max-image-preview":"max-image-preview:large","max-video-preview":"max-video-preview:-1"},"canonical":"http:\/\/fitnesskjellerup.dk\/?page_id=795","og_locale":"da_DK","og_type":"article","og_title":"Handelsbetingelser - Fitness Kjellerup","og_description":"Handelsbetingelser Betaling Fitness Kjellerup modtager betaling med \u00a0Dankort, VISA\/Dankort, VISA, VISA Elecktron, Mastercard og Paypal. Desuden er der mulighed for at tilmelde betalingen til PBS. Betaling vil f\u00f8rst blive trukket p\u00e5 din konto, n\u00e5r du k\u00f8ber dit abonnement. Ved betalinge via PBS opkr\u00e6ves betalingen automatisk med m\u00e5nedlige opkr\u00e6vninger, s\u00e5 l\u00e6nge dit abonnement er aktivt. Fitness&hellip;","og_url":"http:\/\/fitnesskjellerup.dk\/?page_id=795","og_site_name":"Fitness Kjellerup","article_publisher":"https:\/\/www.facebook.com\/fitnesskjellerup.dk\/?fref=ts","twitter_card":"summary_large_image","twitter_misc":{"Estimeret l\u00e6setid":"1 minut"},"schema":{"@context":"https:\/\/schema.org","@graph":[{"@type":"WebPage","@id":"http:\/\/fitnesskjellerup.dk\/?page_id=795","url":"http:\/\/fitnesskjellerup.dk\/?page_id=795","name":"Handelsbetingelser - Fitness Kjellerup","isPartOf":{"@id":"http:\/\/fitnesskjellerup.dk\/#website"},"datePublished":"2016-07-03T16:15:35+00:00","dateModified":"2016-07-03T16:15:35+00:00","breadcrumb":{"@id":"http:\/\/fitnesskjellerup.dk\/?page_id=795#breadcrumb"},"inLanguage":"da-DK","potentialAction":[{"@type":"ReadAction","target":["http:\/\/fitnesskjellerup.dk\/?page_id=795"]}]},{"@type":"BreadcrumbList","@id":"http:\/\/fitnesskjellerup.dk\/?page_id=795#breadcrumb","itemListElement":[{"@type":"ListItem","position":1,"name":"Hjem","item":"http:\/\/fitnesskjellerup.dk\/"},{"@type":"ListItem","position":2,"name":"Handelsbetingelser"}]},{"@type":"WebSite","@id":"http:\/\/fitnesskjellerup.dk\/#website","url":"http:\/\/fitnesskjellerup.dk\/","name":"Fitness Kjellerup","description":"Fitness Kjellerup er det lokale fitness center for Kjellerup og omegn. Her er 1100 m2 center, med et stort udvalg af maskiner, v\u00e6gte, st\u00e6nger og kredsl\u00f8bmaskiner. Vi tilbyder on-line tilmelding og adgang via chip-brik. Der er holdtr\u00e6ning i sal, og der er stor crossfit sal med meget crosfit udstyr.  Der tilbydes omkl\u00e6dning- og badefaciliteter.","publisher":{"@id":"http:\/\/fitnesskjellerup.dk\/#organization"},"potentialAction":[{"@type":"SearchAction","target":{"@type":"EntryPoint","urlTemplate":"http:\/\/fitnesskjellerup.dk\/?s={search_term_string}"},"query-input":"required name=search_term_string"}],"inLanguage":"da-DK"},{"@type":"Organization","@id":"http:\/\/fitnesskjellerup.dk\/#organization","name":"Fitness Kjellerup","url":"http:\/\/fitnesskjellerup.dk\/","logo":{"@type":"ImageObject","inLanguage":"da-DK","@id":"http:\/\/fitnesskjellerup.dk\/#\/schema\/logo\/image\/","url":"https:\/\/i0.wp.com\/fitnesskjellerup.dk\/wp-content\/uploads\/2016\/07\/Logo4.jpg?fit=157%2C80","contentUrl":"https:\/\/i0.wp.com\/fitnesskjellerup.dk\/wp-content\/uploads\/2016\/07\/Logo4.jpg?fit=157%2C80","width":157,"height":80,"caption":"Fitness Kjellerup"},"image":{"@id":"http:\/\/fitnesskjellerup.dk\/#\/schema\/logo\/image\/"},"sameAs":["https:\/\/www.facebook.com\/fitnesskjellerup.dk\/?fref=ts"]}]}},"jetpack_sharing_enabled":true,"jetpack_shortlink":"https:\/\/wp.me\/P7GUiV-cP","jetpack-related-posts":[{"id":755,"url":"http:\/\/fitnesskjellerup.dk\/?page_id=755","url_meta":{"origin":795,"position":0},"title":"Indmelding","author":"Fitness","date":"5. januar 2016","format":false,"excerpt":"ONLINE K\u00d8B AF MEDLEMSKAB Det tager max. 5\u00a0minutter\u00a0- lettere bliver det ikke - klik p\u00e5 nedenst\u00e5ende gr\u00f8nne bold. OBS: Klik under \"tilbud\" for at se centrets nyeste og bedste tilbud. Her fremg\u00e5r b\u00e5de priser og vilk\u00e5r. N\u00e5r du har bekr\u00e6ftet dit medlemskab, sender vi dig en velkomst mail, hvorefter du\u2026","rel":"","context":"Similar post","block_context":{"text":"Similar post","link":""},"img":{"alt_text":"in2fitness indmeldelse","src":"https:\/\/i0.wp.com\/fitnesskjellerup.dk\/wp-content\/uploads\/2016\/01\/Online-indmelding-popup-1.png?resize=350%2C200","width":350,"height":200},"classes":[]},{"id":598,"url":"http:\/\/fitnesskjellerup.dk\/?page_id=598","url_meta":{"origin":795,"position":1},"title":"Medlemsbetingelser","author":"Fitness","date":"14. maj 2015","format":false,"excerpt":"Medlemsbetingelser for Fitness Kjellerup \u00a71. Medlemskabet: Et medlemskab er personligt, og kan ikke benyttes af andre end medlemmet. Ved misbrug af medlemskab og\/eller medlemskort opkr\u00e6ves et gebyr efter g\u00e6ldende takst. For at kunne fastsl\u00e5 medlemmets identitet, opbevares et foto af medlemmet sammen med de \u00f8vrige personoplysninger. \u00c6ndringer i persondata som\u2026","rel":"","context":"Similar post","block_context":{"text":"Similar post","link":""},"img":{"alt_text":"","src":"","width":0,"height":0},"classes":[]},{"id":576,"url":"http:\/\/fitnesskjellerup.dk\/?page_id=576","url_meta":{"origin":795,"position":2},"title":"Om centret","author":"Fitness","date":"14. maj 2015","format":false,"excerpt":"Centret er startet i 2013. I august m\u00e5ned 2016 fik centret nye ejere og skiftede til sit nuv\u00e6rende navn, Fitness Kjellerup. Men bygningerne har en meget l\u00e6ngere og stolt historie i Kjellerup. Her l\u00e5 nemlig i mange \u00e5r byens store stolte m\u00f8belfabrik\u00a0\"Steens M\u00f8bler\" (nu Steens Group). Siden flyttede virksomheden ud\u2026","rel":"","context":"Similar post","block_context":{"text":"Similar post","link":""},"img":{"alt_text":"","src":"","width":0,"height":0},"classes":[]},{"id":579,"url":"http:\/\/fitnesskjellerup.dk\/?page_id=579","url_meta":{"origin":795,"position":3},"title":"Priser","author":"Fitness","date":"14. maj 2015","format":false,"excerpt":"\u00a0 \u00a0 \u00a0 Vi fejrer overtagelsen af Fitness Kjellerup med GRATIS oprettelse resten af 2016 - kom frisk","rel":"","context":"Similar post","block_context":{"text":"Similar post","link":""},"img":{"alt_text":"","src":"","width":0,"height":0},"classes":[]},{"id":966,"url":"http:\/\/fitnesskjellerup.dk\/?page_id=966","url_meta":{"origin":795,"position":4},"title":"Personlig tr\u00e6ner","author":"Fitness","date":"5. maj 2021","format":false,"excerpt":"Ny Personlig Tr\u00e6ner i Fitness KjellerupBj\u00f8rg Risgaard tilbyder personlig tr\u00e6ning i Fitness Kjellerup. Om Bj\u00f8rg:- Uddannet personlig tr\u00e6ner ved Health Lab.- Mange \u00e5rs personlig erfaring med styrketr\u00e6ning. Tr\u00e6ner b\u00e5de crossfit og klassisk styrketr\u00e6ning med friv\u00e6gte og maskiner.- Crossfit instrukt\u00f8r.- Tidligere h\u00e5ndboldspiller p\u00e5 eliteplan.- Uddannet kok, med stor interesse og viden\u2026","rel":"","context":"Similar post","block_context":{"text":"Similar post","link":""},"img":{"alt_text":"","src":"","width":0,"height":0},"classes":[]},{"id":6,"url":"http:\/\/fitnesskjellerup.dk\/","url_meta":{"origin":795,"position":5},"title":"Fitness Kjellerup","author":"Fitness","date":"13. maj 2015","format":false,"excerpt":"<!-- Google tag (gtag.js) --> <script async src=\"https:\/\/www.googletagmanager.com\/gtag\/js?id=G-M0LDY91PQN\"><\/script> <script> window.dataLayer = window.dataLayer || []; function gtag(){dataLayer.push(arguments);} gtag('js', new Date()); gtag('config', 'G-M0LDY91PQN'); <\/script> Fitness Kjellerup Motion Motionscenter Fitnesscenter Styrketr\u00e6ning Holdtr\u00e6ning Cardio V\u00e6gte TRX Crossfit B\u00e6nkpres Squad T\u00e5rn Spinning L\u00f8beb\u00e5nd Crosstrainer Stairmaster Romaskine Kettlebell Hold Holdsal Muskel Muskler Core Core training L\u00f8b\u2026","rel":"","context":"Similar post","block_context":{"text":"Similar post","link":""},"img":{"alt_text":"","src":"","width":0,"height":0},"classes":[]}],"amp_enabled":true,"_links":{"self":[{"href":"http:\/\/fitnesskjellerup.dk\/index.php?rest_route=\/wp\/v2\/pages\/795"}],"collection":[{"href":"http:\/\/fitnesskjellerup.dk\/index.php?rest_route=\/wp\/v2\/pages"}],"about":[{"href":"http:\/\/fitnesskjellerup.dk\/index.php?rest_route=\/wp\/v2\/types\/page"}],"author":[{"embeddable":true,"href":"http:\/\/fitnesskjellerup.dk\/index.php?rest_route=\/wp\/v2\/users\/1"}],"replies":[{"embeddable":true,"href":"http:\/\/fitnesskjellerup.dk\/index.php?rest_route=%2Fwp%2Fv2%2Fcomments&post=795"}],"version-history":[{"count":2,"href":"http:\/\/fitnesskjellerup.dk\/index.php?rest_route=\/wp\/v2\/pages\/795\/revisions"}],"predecessor-version":[{"id":797,"href":"http:\/\/fitnesskjellerup.dk\/index.php?rest_route=\/wp\/v2\/pages\/795\/revisions\/797"}],"wp:attachment":[{"href":"http:\/\/fitnesskjellerup.dk\/index.php?rest_route=%2Fwp%2Fv2%2Fmedia&parent=795"}],"curies":[{"name":"wp","href":"https:\/\/api.w.org\/{rel}","templated":true}]}}