{"id":755,"date":"2016-01-05T20:59:58","date_gmt":"2016-01-05T19:59:58","guid":{"rendered":"http:\/\/gym.in2fitness.dk\/?page_id=755"},"modified":"2025-07-17T11:12:03","modified_gmt":"2025-07-17T11:12:03","slug":"on-line-online-on-line-indmelding-pbs-bs-mobile-pay-kreditkort-bero","status":"publish","type":"page","link":"http:\/\/fitnesskjellerup.dk\/?page_id=755","title":{"rendered":"Indmelding"},"content":{"rendered":"<p><b>ONLINE K\u00d8B AF MEDLEMSKAB<\/b><\/p>\n<p>Det tager max. 5\u00a0minutter\u00a0&#8211; lettere bliver det ikke &#8211; klik p\u00e5 nedenst\u00e5ende gr\u00f8nne bold.<br \/>\nOBS: Klik under &#8220;tilbud&#8221; for at se centrets nyeste og bedste tilbud. Her fremg\u00e5r b\u00e5de priser og vilk\u00e5r.<\/p>\n<p>N\u00e5r du har bekr\u00e6ftet dit medlemskab, sender vi dig en velkomst mail, hvorefter du har direkte adgang til vores online booking.<\/p>\n<p>Bestiller du online, kan din n\u00f8glechip (som bruges p\u00e5 chipl\u00e6seren ved adgangsd\u00f8ren til Fitness Kjellerup) afhentes i centret i \u00e5bningstiden eller i n\u00f8gleboksen ved hovedindgangen til centret (kode til boksen bliver tilsendt). Du f\u00e5r automatisk besked (p\u00e5 sms og e-mail), n\u00e5r din chip er klar til afhentning (normalt indenfor 24 timer efter tilmelding).<\/p>\n<p>Vi modtager f\u00f8lgende betalingsmidler til online betaling p\u00e5 web (valgmulighederne dukker automatisk op under tilmeldingsprocessen):<br \/>\nKreditkort: Dankort\/Visa Dankort\/Mastercard\/Visa Electron\/Mastercard debit\/JCB\/Maestro<br \/>\nMobil: MobilePay.<br \/>\nBetalingsservice: Tilmelding til PBS betaling.<br \/>\nNetbank: Betaling via netbank &#8211; e-DK<\/p>\n<p>Medlemsskaber for unge (13-17 \u00e5r) skal ved PBS-tilmelding udf\u00f8res med for\u00e6ldre\/v\u00e6rges bank-kontonummer (unge under 18 \u00e5r kan ikke indg\u00e5 bindende \u00f8konomiske aftaler, herunder ikke PBS-aftaler).<br \/>\nL\u00e6s om vores aktive tilbud her: <a href=\"http:\/\/fitnesskjellerup.dk\/?page_id=733\">Tilbud styrketr\u00e6ning (fitnesskjellerup.dk)<\/a><\/p>\n<p>Vi gl\u00e6der os til at byde dig velkommen!<\/p>\n<p><a href=\"http:\/\/fitness.flexybox.com\/fitnesskjellerup\/registration\" target=\"_blank\" rel=\"attachment noopener wp-att-754 noreferrer\"><img loading=\"lazy\" decoding=\"async\" data-attachment-id=\"754\" data-permalink=\"http:\/\/fitnesskjellerup.dk\/?attachment_id=754\" data-orig-file=\"https:\/\/i0.wp.com\/fitnesskjellerup.dk\/wp-content\/uploads\/2016\/01\/Online-indmelding-popup-1.png?fit=400%2C400\" data-orig-size=\"400,400\" data-comments-opened=\"1\" data-image-meta=\"{&quot;aperture&quot;:&quot;0&quot;,&quot;credit&quot;:&quot;&quot;,&quot;camera&quot;:&quot;&quot;,&quot;caption&quot;:&quot;&quot;,&quot;created_timestamp&quot;:&quot;0&quot;,&quot;copyright&quot;:&quot;&quot;,&quot;focal_length&quot;:&quot;0&quot;,&quot;iso&quot;:&quot;0&quot;,&quot;shutter_speed&quot;:&quot;0&quot;,&quot;title&quot;:&quot;&quot;,&quot;orientation&quot;:&quot;0&quot;}\" data-image-title=\"Online indmelding popup\" data-image-description=\"\" data-image-caption=\"\" data-medium-file=\"https:\/\/i0.wp.com\/fitnesskjellerup.dk\/wp-content\/uploads\/2016\/01\/Online-indmelding-popup-1.png?fit=300%2C300\" data-large-file=\"https:\/\/i0.wp.com\/fitnesskjellerup.dk\/wp-content\/uploads\/2016\/01\/Online-indmelding-popup-1.png?fit=400%2C400\" class=\"alignnone wp-image-754 size-full\" src=\"https:\/\/i0.wp.com\/fitnesskjellerup.dk\/wp-content\/uploads\/2016\/01\/Online-indmelding-popup-1.png?resize=400%2C400\" alt=\"Fitness Kjellerup indmeldelse\" width=\"400\" height=\"400\" srcset=\"https:\/\/i0.wp.com\/fitnesskjellerup.dk\/wp-content\/uploads\/2016\/01\/Online-indmelding-popup-1.png?w=400 400w, https:\/\/i0.wp.com\/fitnesskjellerup.dk\/wp-content\/uploads\/2016\/01\/Online-indmelding-popup-1.png?resize=150%2C150 150w, https:\/\/i0.wp.com\/fitnesskjellerup.dk\/wp-content\/uploads\/2016\/01\/Online-indmelding-popup-1.png?resize=300%2C300 300w\" sizes=\"(max-width: 400px) 100vw, 400px\" data-recalc-dims=\"1\" \/><\/a><\/p>\n","protected":false},"excerpt":{"rendered":"<p>ONLINE K\u00d8B AF MEDLEMSKAB Det tager max. 5\u00a0minutter\u00a0&#8211; lettere bliver det ikke &#8211; klik p\u00e5 nedenst\u00e5ende gr\u00f8nne bold. OBS: Klik under &#8220;tilbud&#8221; for at se centrets nyeste og bedste tilbud. Her fremg\u00e5r b\u00e5de priser og vilk\u00e5r. N\u00e5r du har bekr\u00e6ftet dit medlemskab, sender vi dig en velkomst mail, hvorefter du har direkte adgang til vores&hellip;<\/p>\n","protected":false},"author":1,"featured_media":0,"parent":0,"menu_order":0,"comment_status":"closed","ping_status":"closed","template":"","meta":{"jetpack_post_was_ever_published":false,"footnotes":""},"yoast_head":"<!-- This site is optimized with the Yoast SEO plugin v19.10 - https:\/\/yoast.com\/wordpress\/plugins\/seo\/ -->\n<title>Hurtig indmelding - on-line - fitness - styrketr\u00e6ning %<\/title>\n<meta name=\"description\" content=\"META NAME=keyword CONTENT=on-line- billigt - indmelding - on line - MobilePay - kreditkort - online - PBS - betalingsservice -\" \/>\n<meta name=\"robots\" content=\"index, follow, max-snippet:-1, max-image-preview:large, max-video-preview:-1\" \/>\n<link rel=\"canonical\" href=\"http:\/\/fitnesskjellerup.dk\/?page_id=755\" \/>\n<meta property=\"og:locale\" content=\"da_DK\" \/>\n<meta property=\"og:type\" content=\"article\" \/>\n<meta property=\"og:title\" content=\"Hurtig indmelding - on-line - fitness - styrketr\u00e6ning %\" \/>\n<meta property=\"og:description\" content=\"META NAME=keyword CONTENT=on-line- billigt - indmelding - on line - MobilePay - kreditkort - online - PBS - betalingsservice -\" \/>\n<meta property=\"og:url\" content=\"http:\/\/fitnesskjellerup.dk\/?page_id=755\" \/>\n<meta property=\"og:site_name\" content=\"Fitness Kjellerup\" \/>\n<meta property=\"article:publisher\" content=\"https:\/\/www.facebook.com\/fitnesskjellerup.dk\/?fref=ts\" \/>\n<meta property=\"article:modified_time\" content=\"2025-07-17T11:12:03+00:00\" \/>\n<meta property=\"og:image\" content=\"http:\/\/fitnesskjellerup.dk\/wp-content\/uploads\/2016\/01\/Online-indmelding-popup-1.png\" \/>\n<meta name=\"twitter:card\" content=\"summary_large_image\" \/>\n<meta name=\"twitter:label1\" content=\"Estimeret l\u00e6setid\" \/>\n\t<meta name=\"twitter:data1\" content=\"2 minutter\" \/>\n<script type=\"application\/ld+json\" class=\"yoast-schema-graph\">{\"@context\":\"https:\/\/schema.org\",\"@graph\":[{\"@type\":\"WebPage\",\"@id\":\"http:\/\/fitnesskjellerup.dk\/?page_id=755\",\"url\":\"http:\/\/fitnesskjellerup.dk\/?page_id=755\",\"name\":\"Hurtig indmelding - on-line - fitness - styrketr\u00e6ning %\",\"isPartOf\":{\"@id\":\"http:\/\/fitnesskjellerup.dk\/#website\"},\"datePublished\":\"2016-01-05T19:59:58+00:00\",\"dateModified\":\"2025-07-17T11:12:03+00:00\",\"description\":\"META NAME=keyword CONTENT=on-line- billigt - indmelding - on line - MobilePay - kreditkort - online - PBS - betalingsservice -\",\"breadcrumb\":{\"@id\":\"http:\/\/fitnesskjellerup.dk\/?page_id=755#breadcrumb\"},\"inLanguage\":\"da-DK\",\"potentialAction\":[{\"@type\":\"ReadAction\",\"target\":[\"http:\/\/fitnesskjellerup.dk\/?page_id=755\"]}]},{\"@type\":\"BreadcrumbList\",\"@id\":\"http:\/\/fitnesskjellerup.dk\/?page_id=755#breadcrumb\",\"itemListElement\":[{\"@type\":\"ListItem\",\"position\":1,\"name\":\"Hjem\",\"item\":\"http:\/\/fitnesskjellerup.dk\/\"},{\"@type\":\"ListItem\",\"position\":2,\"name\":\"Indmelding\"}]},{\"@type\":\"WebSite\",\"@id\":\"http:\/\/fitnesskjellerup.dk\/#website\",\"url\":\"http:\/\/fitnesskjellerup.dk\/\",\"name\":\"Fitness Kjellerup\",\"description\":\"Fitness Kjellerup er det lokale fitness center for Kjellerup og omegn. Her er 1100 m2 center, med et stort udvalg af maskiner, v\u00e6gte, st\u00e6nger og kredsl\u00f8bmaskiner. Vi tilbyder on-line tilmelding og adgang via chip-brik. Der er holdtr\u00e6ning i sal, og der er stor crossfit sal med meget crosfit udstyr.  Der tilbydes omkl\u00e6dning- og badefaciliteter.\",\"publisher\":{\"@id\":\"http:\/\/fitnesskjellerup.dk\/#organization\"},\"potentialAction\":[{\"@type\":\"SearchAction\",\"target\":{\"@type\":\"EntryPoint\",\"urlTemplate\":\"http:\/\/fitnesskjellerup.dk\/?s={search_term_string}\"},\"query-input\":\"required name=search_term_string\"}],\"inLanguage\":\"da-DK\"},{\"@type\":\"Organization\",\"@id\":\"http:\/\/fitnesskjellerup.dk\/#organization\",\"name\":\"Fitness Kjellerup\",\"url\":\"http:\/\/fitnesskjellerup.dk\/\",\"logo\":{\"@type\":\"ImageObject\",\"inLanguage\":\"da-DK\",\"@id\":\"http:\/\/fitnesskjellerup.dk\/#\/schema\/logo\/image\/\",\"url\":\"https:\/\/i0.wp.com\/fitnesskjellerup.dk\/wp-content\/uploads\/2016\/07\/Logo4.jpg?fit=157%2C80\",\"contentUrl\":\"https:\/\/i0.wp.com\/fitnesskjellerup.dk\/wp-content\/uploads\/2016\/07\/Logo4.jpg?fit=157%2C80\",\"width\":157,\"height\":80,\"caption\":\"Fitness Kjellerup\"},\"image\":{\"@id\":\"http:\/\/fitnesskjellerup.dk\/#\/schema\/logo\/image\/\"},\"sameAs\":[\"https:\/\/www.facebook.com\/fitnesskjellerup.dk\/?fref=ts\"]}]}<\/script>\n<!-- \/ Yoast SEO plugin. -->","yoast_head_json":{"title":"Hurtig indmelding - on-line - fitness - styrketr\u00e6ning %","description":"META NAME=keyword CONTENT=on-line- billigt - indmelding - on line - MobilePay - kreditkort - online - PBS - betalingsservice -","robots":{"index":"index","follow":"follow","max-snippet":"max-snippet:-1","max-image-preview":"max-image-preview:large","max-video-preview":"max-video-preview:-1"},"canonical":"http:\/\/fitnesskjellerup.dk\/?page_id=755","og_locale":"da_DK","og_type":"article","og_title":"Hurtig indmelding - on-line - fitness - styrketr\u00e6ning %","og_description":"META NAME=keyword CONTENT=on-line- billigt - indmelding - on line - MobilePay - kreditkort - online - PBS - betalingsservice -","og_url":"http:\/\/fitnesskjellerup.dk\/?page_id=755","og_site_name":"Fitness Kjellerup","article_publisher":"https:\/\/www.facebook.com\/fitnesskjellerup.dk\/?fref=ts","article_modified_time":"2025-07-17T11:12:03+00:00","og_image":[{"url":"http:\/\/fitnesskjellerup.dk\/wp-content\/uploads\/2016\/01\/Online-indmelding-popup-1.png"}],"twitter_card":"summary_large_image","twitter_misc":{"Estimeret l\u00e6setid":"2 minutter"},"schema":{"@context":"https:\/\/schema.org","@graph":[{"@type":"WebPage","@id":"http:\/\/fitnesskjellerup.dk\/?page_id=755","url":"http:\/\/fitnesskjellerup.dk\/?page_id=755","name":"Hurtig indmelding - on-line - fitness - styrketr\u00e6ning %","isPartOf":{"@id":"http:\/\/fitnesskjellerup.dk\/#website"},"datePublished":"2016-01-05T19:59:58+00:00","dateModified":"2025-07-17T11:12:03+00:00","description":"META NAME=keyword CONTENT=on-line- billigt - indmelding - on line - MobilePay - kreditkort - online - PBS - betalingsservice -","breadcrumb":{"@id":"http:\/\/fitnesskjellerup.dk\/?page_id=755#breadcrumb"},"inLanguage":"da-DK","potentialAction":[{"@type":"ReadAction","target":["http:\/\/fitnesskjellerup.dk\/?page_id=755"]}]},{"@type":"BreadcrumbList","@id":"http:\/\/fitnesskjellerup.dk\/?page_id=755#breadcrumb","itemListElement":[{"@type":"ListItem","position":1,"name":"Hjem","item":"http:\/\/fitnesskjellerup.dk\/"},{"@type":"ListItem","position":2,"name":"Indmelding"}]},{"@type":"WebSite","@id":"http:\/\/fitnesskjellerup.dk\/#website","url":"http:\/\/fitnesskjellerup.dk\/","name":"Fitness Kjellerup","description":"Fitness Kjellerup er det lokale fitness center for Kjellerup og omegn. Her er 1100 m2 center, med et stort udvalg af maskiner, v\u00e6gte, st\u00e6nger og kredsl\u00f8bmaskiner. Vi tilbyder on-line tilmelding og adgang via chip-brik. Der er holdtr\u00e6ning i sal, og der er stor crossfit sal med meget crosfit udstyr.  Der tilbydes omkl\u00e6dning- og badefaciliteter.","publisher":{"@id":"http:\/\/fitnesskjellerup.dk\/#organization"},"potentialAction":[{"@type":"SearchAction","target":{"@type":"EntryPoint","urlTemplate":"http:\/\/fitnesskjellerup.dk\/?s={search_term_string}"},"query-input":"required name=search_term_string"}],"inLanguage":"da-DK"},{"@type":"Organization","@id":"http:\/\/fitnesskjellerup.dk\/#organization","name":"Fitness Kjellerup","url":"http:\/\/fitnesskjellerup.dk\/","logo":{"@type":"ImageObject","inLanguage":"da-DK","@id":"http:\/\/fitnesskjellerup.dk\/#\/schema\/logo\/image\/","url":"https:\/\/i0.wp.com\/fitnesskjellerup.dk\/wp-content\/uploads\/2016\/07\/Logo4.jpg?fit=157%2C80","contentUrl":"https:\/\/i0.wp.com\/fitnesskjellerup.dk\/wp-content\/uploads\/2016\/07\/Logo4.jpg?fit=157%2C80","width":157,"height":80,"caption":"Fitness Kjellerup"},"image":{"@id":"http:\/\/fitnesskjellerup.dk\/#\/schema\/logo\/image\/"},"sameAs":["https:\/\/www.facebook.com\/fitnesskjellerup.dk\/?fref=ts"]}]}},"jetpack_sharing_enabled":true,"jetpack_shortlink":"https:\/\/wp.me\/P7GUiV-cb","jetpack-related-posts":[{"id":795,"url":"http:\/\/fitnesskjellerup.dk\/?page_id=795","url_meta":{"origin":755,"position":0},"title":"Handelsbetingelser","author":"Fitness","date":"3. juli 2016","format":false,"excerpt":"Handelsbetingelser Betaling Fitness Kjellerup modtager betaling med \u00a0Dankort, VISA\/Dankort, VISA, VISA Elecktron, Mastercard og Paypal. Desuden er der mulighed for at tilmelde betalingen til PBS. Betaling vil f\u00f8rst blive trukket p\u00e5 din konto, n\u00e5r du k\u00f8ber dit abonnement. Ved betalinge via PBS opkr\u00e6ves betalingen automatisk med m\u00e5nedlige opkr\u00e6vninger, s\u00e5 l\u00e6nge\u2026","rel":"","context":"Similar post","block_context":{"text":"Similar post","link":""},"img":{"alt_text":"","src":"","width":0,"height":0},"classes":[]},{"id":576,"url":"http:\/\/fitnesskjellerup.dk\/?page_id=576","url_meta":{"origin":755,"position":1},"title":"Om centret","author":"Fitness","date":"14. maj 2015","format":false,"excerpt":"Centret er startet i 2013. I august m\u00e5ned 2016 fik centret nye ejere og skiftede til sit nuv\u00e6rende navn, Fitness Kjellerup. Men bygningerne har en meget l\u00e6ngere og stolt historie i Kjellerup. Her l\u00e5 nemlig i mange \u00e5r byens store stolte m\u00f8belfabrik\u00a0\"Steens M\u00f8bler\" (nu Steens Group). Siden flyttede virksomheden ud\u2026","rel":"","context":"Similar post","block_context":{"text":"Similar post","link":""},"img":{"alt_text":"","src":"","width":0,"height":0},"classes":[]},{"id":598,"url":"http:\/\/fitnesskjellerup.dk\/?page_id=598","url_meta":{"origin":755,"position":2},"title":"Medlemsbetingelser","author":"Fitness","date":"14. maj 2015","format":false,"excerpt":"Medlemsbetingelser for Fitness Kjellerup \u00a71. Medlemskabet: Et medlemskab er personligt, og kan ikke benyttes af andre end medlemmet. Ved misbrug af medlemskab og\/eller medlemskort opkr\u00e6ves et gebyr efter g\u00e6ldende takst. For at kunne fastsl\u00e5 medlemmets identitet, opbevares et foto af medlemmet sammen med de \u00f8vrige personoplysninger. \u00c6ndringer i persondata som\u2026","rel":"","context":"Similar post","block_context":{"text":"Similar post","link":""},"img":{"alt_text":"","src":"","width":0,"height":0},"classes":[]},{"id":687,"url":"http:\/\/fitnesskjellerup.dk\/?page_id=687","url_meta":{"origin":755,"position":3},"title":"Online Booking","author":"Fitness","date":"10. august 2015","format":false,"excerpt":"","rel":"","context":"Similar post","block_context":{"text":"Similar post","link":""},"img":{"alt_text":"","src":"","width":0,"height":0},"classes":[]},{"id":579,"url":"http:\/\/fitnesskjellerup.dk\/?page_id=579","url_meta":{"origin":755,"position":4},"title":"Priser","author":"Fitness","date":"14. maj 2015","format":false,"excerpt":"\u00a0 \u00a0 \u00a0 Vi fejrer overtagelsen af Fitness Kjellerup med GRATIS oprettelse resten af 2016 - kom frisk","rel":"","context":"Similar post","block_context":{"text":"Similar post","link":""},"img":{"alt_text":"","src":"","width":0,"height":0},"classes":[]},{"id":733,"url":"http:\/\/fitnesskjellerup.dk\/?page_id=733","url_meta":{"origin":755,"position":5},"title":"Tilbud","author":"Fitness","date":"5. november 2015","format":false,"excerpt":"Vi har ingen aktuelle tilbud.","rel":"","context":"Similar post","block_context":{"text":"Similar post","link":""},"img":{"alt_text":"","src":"https:\/\/i0.wp.com\/fitnesskjellerup.dk\/wp-content\/uploads\/2015\/11\/FB_billede.jpg?fit=679%2C960&resize=350%2C200","width":350,"height":200,"srcset":"https:\/\/i0.wp.com\/fitnesskjellerup.dk\/wp-content\/uploads\/2015\/11\/FB_billede.jpg?fit=679%2C960&resize=350%2C200 1x, https:\/\/i0.wp.com\/fitnesskjellerup.dk\/wp-content\/uploads\/2015\/11\/FB_billede.jpg?fit=679%2C960&resize=525%2C300 1.5x"},"classes":[]}],"amp_enabled":true,"_links":{"self":[{"href":"http:\/\/fitnesskjellerup.dk\/index.php?rest_route=\/wp\/v2\/pages\/755"}],"collection":[{"href":"http:\/\/fitnesskjellerup.dk\/index.php?rest_route=\/wp\/v2\/pages"}],"about":[{"href":"http:\/\/fitnesskjellerup.dk\/index.php?rest_route=\/wp\/v2\/types\/page"}],"author":[{"embeddable":true,"href":"http:\/\/fitnesskjellerup.dk\/index.php?rest_route=\/wp\/v2\/users\/1"}],"replies":[{"embeddable":true,"href":"http:\/\/fitnesskjellerup.dk\/index.php?rest_route=%2Fwp%2Fv2%2Fcomments&post=755"}],"version-history":[{"count":30,"href":"http:\/\/fitnesskjellerup.dk\/index.php?rest_route=\/wp\/v2\/pages\/755\/revisions"}],"predecessor-version":[{"id":1078,"href":"http:\/\/fitnesskjellerup.dk\/index.php?rest_route=\/wp\/v2\/pages\/755\/revisions\/1078"}],"wp:attachment":[{"href":"http:\/\/fitnesskjellerup.dk\/index.php?rest_route=%2Fwp%2Fv2%2Fmedia&parent=755"}],"curies":[{"name":"wp","href":"https:\/\/api.w.org\/{rel}","templated":true}]}}