{"id":733,"date":"2015-11-05T11:55:00","date_gmt":"2015-11-05T10:55:00","guid":{"rendered":"http:\/\/gym.in2fitness.dk\/?page_id=733"},"modified":"2025-07-17T11:18:19","modified_gmt":"2025-07-17T11:18:19","slug":"tilbud-gratis-foerste-maaned-fitness","status":"publish","type":"page","link":"http:\/\/fitnesskjellerup.dk\/?page_id=733","title":{"rendered":"Tilbud"},"content":{"rendered":"\n<p>Vi har ingen aktuelle tilbud.<\/p>\n","protected":false},"excerpt":{"rendered":"<p>Vi har ingen aktuelle tilbud.<\/p>\n","protected":false},"author":1,"featured_media":886,"parent":0,"menu_order":0,"comment_status":"closed","ping_status":"closed","template":"","meta":{"jetpack_post_was_ever_published":false,"footnotes":""},"yoast_head":"<!-- This site is optimized with the Yoast SEO plugin v19.10 - https:\/\/yoast.com\/wordpress\/plugins\/seo\/ -->\n<title>F\u00f8rst m\u00e5ned gratis, fitness gratis f\u00f8rste m\u00e5ned, motionscenter gratis f\u00f8rste m\u00e5ned, tilbud fitness og motion, tilbud styrketr\u00e6ning<\/title>\n<meta name=\"description\" content=\"Gratis f\u00f8rste m\u00e5ned fitness. F\u00f8rste m\u00e5ned gratis tr\u00e6ning. Ingen gebyr for indmeldelse. Indmeldelse gratis. Fitness gratis f\u00f8rste m\u00e5ned. Motionscenter gratis tilbud. Styrketr\u00e6ning gratis f\u00f8rste m\u00e5ned.\" \/>\n<meta name=\"robots\" content=\"index, follow, max-snippet:-1, max-image-preview:large, max-video-preview:-1\" \/>\n<link rel=\"canonical\" href=\"http:\/\/fitnesskjellerup.dk\/?page_id=733\" \/>\n<meta property=\"og:locale\" content=\"da_DK\" \/>\n<meta property=\"og:type\" content=\"article\" \/>\n<meta property=\"og:title\" content=\"F\u00f8rst m\u00e5ned gratis, fitness gratis f\u00f8rste m\u00e5ned, motionscenter gratis f\u00f8rste m\u00e5ned, tilbud fitness og motion, tilbud styrketr\u00e6ning\" \/>\n<meta property=\"og:description\" content=\"Gratis f\u00f8rste m\u00e5ned fitness. F\u00f8rste m\u00e5ned gratis tr\u00e6ning. Ingen gebyr for indmeldelse. Indmeldelse gratis. Fitness gratis f\u00f8rste m\u00e5ned. Motionscenter gratis tilbud. Styrketr\u00e6ning gratis f\u00f8rste m\u00e5ned.\" \/>\n<meta property=\"og:url\" content=\"http:\/\/fitnesskjellerup.dk\/?page_id=733\" \/>\n<meta property=\"og:site_name\" content=\"Fitness Kjellerup\" \/>\n<meta property=\"article:publisher\" content=\"https:\/\/www.facebook.com\/fitnesskjellerup.dk\/?fref=ts\" \/>\n<meta property=\"article:modified_time\" content=\"2025-07-17T11:18:19+00:00\" \/>\n<meta property=\"og:image\" content=\"http:\/\/fitnesskjellerup.dk\/wp-content\/uploads\/2015\/11\/FB_billede.jpg\" \/>\n\t<meta property=\"og:image:width\" content=\"679\" \/>\n\t<meta property=\"og:image:height\" content=\"960\" \/>\n\t<meta property=\"og:image:type\" content=\"image\/jpeg\" \/>\n<meta name=\"twitter:card\" content=\"summary_large_image\" \/>\n<meta name=\"twitter:label1\" content=\"Estimeret l\u00e6setid\" \/>\n\t<meta name=\"twitter:data1\" content=\"1 minut\" \/>\n<script type=\"application\/ld+json\" class=\"yoast-schema-graph\">{\"@context\":\"https:\/\/schema.org\",\"@graph\":[{\"@type\":\"WebPage\",\"@id\":\"http:\/\/fitnesskjellerup.dk\/?page_id=733\",\"url\":\"http:\/\/fitnesskjellerup.dk\/?page_id=733\",\"name\":\"F\u00f8rst m\u00e5ned gratis, fitness gratis f\u00f8rste m\u00e5ned, motionscenter gratis f\u00f8rste m\u00e5ned, tilbud fitness og motion, tilbud styrketr\u00e6ning\",\"isPartOf\":{\"@id\":\"http:\/\/fitnesskjellerup.dk\/#website\"},\"datePublished\":\"2015-11-05T10:55:00+00:00\",\"dateModified\":\"2025-07-17T11:18:19+00:00\",\"description\":\"Gratis f\u00f8rste m\u00e5ned fitness. F\u00f8rste m\u00e5ned gratis tr\u00e6ning. Ingen gebyr for indmeldelse. Indmeldelse gratis. Fitness gratis f\u00f8rste m\u00e5ned. Motionscenter gratis tilbud. Styrketr\u00e6ning gratis f\u00f8rste m\u00e5ned.\",\"breadcrumb\":{\"@id\":\"http:\/\/fitnesskjellerup.dk\/?page_id=733#breadcrumb\"},\"inLanguage\":\"da-DK\",\"potentialAction\":[{\"@type\":\"ReadAction\",\"target\":[\"http:\/\/fitnesskjellerup.dk\/?page_id=733\"]}]},{\"@type\":\"BreadcrumbList\",\"@id\":\"http:\/\/fitnesskjellerup.dk\/?page_id=733#breadcrumb\",\"itemListElement\":[{\"@type\":\"ListItem\",\"position\":1,\"name\":\"Hjem\",\"item\":\"http:\/\/fitnesskjellerup.dk\/\"},{\"@type\":\"ListItem\",\"position\":2,\"name\":\"Tilbud\"}]},{\"@type\":\"WebSite\",\"@id\":\"http:\/\/fitnesskjellerup.dk\/#website\",\"url\":\"http:\/\/fitnesskjellerup.dk\/\",\"name\":\"Fitness Kjellerup\",\"description\":\"Fitness Kjellerup er det lokale fitness center for Kjellerup og omegn. Her er 1100 m2 center, med et stort udvalg af maskiner, v\u00e6gte, st\u00e6nger og kredsl\u00f8bmaskiner. Vi tilbyder on-line tilmelding og adgang via chip-brik. Der er holdtr\u00e6ning i sal, og der er stor crossfit sal med meget crosfit udstyr.  Der tilbydes omkl\u00e6dning- og badefaciliteter.\",\"publisher\":{\"@id\":\"http:\/\/fitnesskjellerup.dk\/#organization\"},\"potentialAction\":[{\"@type\":\"SearchAction\",\"target\":{\"@type\":\"EntryPoint\",\"urlTemplate\":\"http:\/\/fitnesskjellerup.dk\/?s={search_term_string}\"},\"query-input\":\"required name=search_term_string\"}],\"inLanguage\":\"da-DK\"},{\"@type\":\"Organization\",\"@id\":\"http:\/\/fitnesskjellerup.dk\/#organization\",\"name\":\"Fitness Kjellerup\",\"url\":\"http:\/\/fitnesskjellerup.dk\/\",\"logo\":{\"@type\":\"ImageObject\",\"inLanguage\":\"da-DK\",\"@id\":\"http:\/\/fitnesskjellerup.dk\/#\/schema\/logo\/image\/\",\"url\":\"https:\/\/i0.wp.com\/fitnesskjellerup.dk\/wp-content\/uploads\/2016\/07\/Logo4.jpg?fit=157%2C80\",\"contentUrl\":\"https:\/\/i0.wp.com\/fitnesskjellerup.dk\/wp-content\/uploads\/2016\/07\/Logo4.jpg?fit=157%2C80\",\"width\":157,\"height\":80,\"caption\":\"Fitness Kjellerup\"},\"image\":{\"@id\":\"http:\/\/fitnesskjellerup.dk\/#\/schema\/logo\/image\/\"},\"sameAs\":[\"https:\/\/www.facebook.com\/fitnesskjellerup.dk\/?fref=ts\"]}]}<\/script>\n<!-- \/ Yoast SEO plugin. -->","yoast_head_json":{"title":"F\u00f8rst m\u00e5ned gratis, fitness gratis f\u00f8rste m\u00e5ned, motionscenter gratis f\u00f8rste m\u00e5ned, tilbud fitness og motion, tilbud styrketr\u00e6ning","description":"Gratis f\u00f8rste m\u00e5ned fitness. F\u00f8rste m\u00e5ned gratis tr\u00e6ning. Ingen gebyr for indmeldelse. Indmeldelse gratis. Fitness gratis f\u00f8rste m\u00e5ned. Motionscenter gratis tilbud. Styrketr\u00e6ning gratis f\u00f8rste m\u00e5ned.","robots":{"index":"index","follow":"follow","max-snippet":"max-snippet:-1","max-image-preview":"max-image-preview:large","max-video-preview":"max-video-preview:-1"},"canonical":"http:\/\/fitnesskjellerup.dk\/?page_id=733","og_locale":"da_DK","og_type":"article","og_title":"F\u00f8rst m\u00e5ned gratis, fitness gratis f\u00f8rste m\u00e5ned, motionscenter gratis f\u00f8rste m\u00e5ned, tilbud fitness og motion, tilbud styrketr\u00e6ning","og_description":"Gratis f\u00f8rste m\u00e5ned fitness. F\u00f8rste m\u00e5ned gratis tr\u00e6ning. Ingen gebyr for indmeldelse. Indmeldelse gratis. Fitness gratis f\u00f8rste m\u00e5ned. Motionscenter gratis tilbud. Styrketr\u00e6ning gratis f\u00f8rste m\u00e5ned.","og_url":"http:\/\/fitnesskjellerup.dk\/?page_id=733","og_site_name":"Fitness Kjellerup","article_publisher":"https:\/\/www.facebook.com\/fitnesskjellerup.dk\/?fref=ts","article_modified_time":"2025-07-17T11:18:19+00:00","og_image":[{"width":679,"height":960,"url":"http:\/\/fitnesskjellerup.dk\/wp-content\/uploads\/2015\/11\/FB_billede.jpg","type":"image\/jpeg"}],"twitter_card":"summary_large_image","twitter_misc":{"Estimeret l\u00e6setid":"1 minut"},"schema":{"@context":"https:\/\/schema.org","@graph":[{"@type":"WebPage","@id":"http:\/\/fitnesskjellerup.dk\/?page_id=733","url":"http:\/\/fitnesskjellerup.dk\/?page_id=733","name":"F\u00f8rst m\u00e5ned gratis, fitness gratis f\u00f8rste m\u00e5ned, motionscenter gratis f\u00f8rste m\u00e5ned, tilbud fitness og motion, tilbud styrketr\u00e6ning","isPartOf":{"@id":"http:\/\/fitnesskjellerup.dk\/#website"},"datePublished":"2015-11-05T10:55:00+00:00","dateModified":"2025-07-17T11:18:19+00:00","description":"Gratis f\u00f8rste m\u00e5ned fitness. F\u00f8rste m\u00e5ned gratis tr\u00e6ning. Ingen gebyr for indmeldelse. Indmeldelse gratis. Fitness gratis f\u00f8rste m\u00e5ned. Motionscenter gratis tilbud. Styrketr\u00e6ning gratis f\u00f8rste m\u00e5ned.","breadcrumb":{"@id":"http:\/\/fitnesskjellerup.dk\/?page_id=733#breadcrumb"},"inLanguage":"da-DK","potentialAction":[{"@type":"ReadAction","target":["http:\/\/fitnesskjellerup.dk\/?page_id=733"]}]},{"@type":"BreadcrumbList","@id":"http:\/\/fitnesskjellerup.dk\/?page_id=733#breadcrumb","itemListElement":[{"@type":"ListItem","position":1,"name":"Hjem","item":"http:\/\/fitnesskjellerup.dk\/"},{"@type":"ListItem","position":2,"name":"Tilbud"}]},{"@type":"WebSite","@id":"http:\/\/fitnesskjellerup.dk\/#website","url":"http:\/\/fitnesskjellerup.dk\/","name":"Fitness Kjellerup","description":"Fitness Kjellerup er det lokale fitness center for Kjellerup og omegn. Her er 1100 m2 center, med et stort udvalg af maskiner, v\u00e6gte, st\u00e6nger og kredsl\u00f8bmaskiner. Vi tilbyder on-line tilmelding og adgang via chip-brik. Der er holdtr\u00e6ning i sal, og der er stor crossfit sal med meget crosfit udstyr.  Der tilbydes omkl\u00e6dning- og badefaciliteter.","publisher":{"@id":"http:\/\/fitnesskjellerup.dk\/#organization"},"potentialAction":[{"@type":"SearchAction","target":{"@type":"EntryPoint","urlTemplate":"http:\/\/fitnesskjellerup.dk\/?s={search_term_string}"},"query-input":"required name=search_term_string"}],"inLanguage":"da-DK"},{"@type":"Organization","@id":"http:\/\/fitnesskjellerup.dk\/#organization","name":"Fitness Kjellerup","url":"http:\/\/fitnesskjellerup.dk\/","logo":{"@type":"ImageObject","inLanguage":"da-DK","@id":"http:\/\/fitnesskjellerup.dk\/#\/schema\/logo\/image\/","url":"https:\/\/i0.wp.com\/fitnesskjellerup.dk\/wp-content\/uploads\/2016\/07\/Logo4.jpg?fit=157%2C80","contentUrl":"https:\/\/i0.wp.com\/fitnesskjellerup.dk\/wp-content\/uploads\/2016\/07\/Logo4.jpg?fit=157%2C80","width":157,"height":80,"caption":"Fitness Kjellerup"},"image":{"@id":"http:\/\/fitnesskjellerup.dk\/#\/schema\/logo\/image\/"},"sameAs":["https:\/\/www.facebook.com\/fitnesskjellerup.dk\/?fref=ts"]}]}},"jetpack_sharing_enabled":true,"jetpack_shortlink":"https:\/\/wp.me\/P7GUiV-bP","jetpack-related-posts":[{"id":755,"url":"http:\/\/fitnesskjellerup.dk\/?page_id=755","url_meta":{"origin":733,"position":0},"title":"Indmelding","author":"Fitness","date":"5. januar 2016","format":false,"excerpt":"ONLINE K\u00d8B AF MEDLEMSKAB Det tager max. 5\u00a0minutter\u00a0- lettere bliver det ikke - klik p\u00e5 nedenst\u00e5ende gr\u00f8nne bold. OBS: Klik under \"tilbud\" for at se centrets nyeste og bedste tilbud. Her fremg\u00e5r b\u00e5de priser og vilk\u00e5r. N\u00e5r du har bekr\u00e6ftet dit medlemskab, sender vi dig en velkomst mail, hvorefter du\u2026","rel":"","context":"Similar post","block_context":{"text":"Similar post","link":""},"img":{"alt_text":"in2fitness indmeldelse","src":"https:\/\/i0.wp.com\/fitnesskjellerup.dk\/wp-content\/uploads\/2016\/01\/Online-indmelding-popup-1.png?resize=350%2C200","width":350,"height":200},"classes":[]}],"amp_enabled":true,"_links":{"self":[{"href":"http:\/\/fitnesskjellerup.dk\/index.php?rest_route=\/wp\/v2\/pages\/733"}],"collection":[{"href":"http:\/\/fitnesskjellerup.dk\/index.php?rest_route=\/wp\/v2\/pages"}],"about":[{"href":"http:\/\/fitnesskjellerup.dk\/index.php?rest_route=\/wp\/v2\/types\/page"}],"author":[{"embeddable":true,"href":"http:\/\/fitnesskjellerup.dk\/index.php?rest_route=\/wp\/v2\/users\/1"}],"replies":[{"embeddable":true,"href":"http:\/\/fitnesskjellerup.dk\/index.php?rest_route=%2Fwp%2Fv2%2Fcomments&post=733"}],"version-history":[{"count":62,"href":"http:\/\/fitnesskjellerup.dk\/index.php?rest_route=\/wp\/v2\/pages\/733\/revisions"}],"predecessor-version":[{"id":1074,"href":"http:\/\/fitnesskjellerup.dk\/index.php?rest_route=\/wp\/v2\/pages\/733\/revisions\/1074"}],"wp:featuredmedia":[{"embeddable":true,"href":"http:\/\/fitnesskjellerup.dk\/index.php?rest_route=\/wp\/v2\/media\/886"}],"wp:attachment":[{"href":"http:\/\/fitnesskjellerup.dk\/index.php?rest_route=%2Fwp%2Fv2%2Fmedia&parent=733"}],"curies":[{"name":"wp","href":"https:\/\/api.w.org\/{rel}","templated":true}]}}