{"id":6,"date":"2015-05-13T18:11:24","date_gmt":"2015-05-13T18:11:24","guid":{"rendered":"http:\/\/gym.in2fitness.dk\/?page_id=6"},"modified":"2025-07-17T11:04:20","modified_gmt":"2025-07-17T11:04:20","slug":"fitness-og-motions-center-i-kjellerup-1100m2-styrketraening-cardio-corssfit","status":"publish","type":"page","link":"http:\/\/fitnesskjellerup.dk\/","title":{"rendered":"Fitness Kjellerup"},"content":{"rendered":"<p>&lt;!&#8211; Google tag (gtag.js) &#8211;&gt; &lt;script async src=&#8221;https:\/\/www.googletagmanager.com\/gtag\/js?id=G-M0LDY91PQN&#8221;&gt;&lt;\/script&gt; &lt;script&gt; window.dataLayer = window.dataLayer || []; function gtag(){dataLayer.push(arguments);} gtag(&#8216;js&#8217;, new Date()); gtag(&#8216;config&#8217;, &#8216;G-M0LDY91PQN&#8217;); &lt;\/script&gt;<\/p>\n<p>Fitness<br \/>\nKjellerup<br \/>\nMotion<br \/>\nMotionscenter<br \/>\nFitnesscenter<br \/>\nStyrketr\u00e6ning<br \/>\nHoldtr\u00e6ning<br \/>\nCardio<br \/>\nV\u00e6gte<br \/>\nTRX<br \/>\nCrossfit<br \/>\nB\u00e6nkpres<br \/>\nSquad<br \/>\nT\u00e5rn<br \/>\nSpinning<br \/>\nL\u00f8beb\u00e5nd<br \/>\nCrosstrainer<br \/>\nStairmaster<br \/>\nRomaskine<br \/>\nKettlebell<br \/>\nHold<br \/>\nHoldsal<br \/>\nMuskel<br \/>\nMuskler<br \/>\nCore<br \/>\nCore training<br \/>\nL\u00f8b<br \/>\nStyrke<br \/>\nMuskeltr\u00e6ning<br \/>\nKondition<br \/>\nKonditionstr\u00e6ning<br \/>\nPuls<br \/>\nPulstr\u00e6ning<br \/>\nBad<br \/>\nOmkl\u00e6dning<br \/>\nParkering<br \/>\nToiletter<br \/>\nBench<br \/>\nPull up<br \/>\nElastik<br \/>\nKredstr\u00e6ning<br \/>\nCirkel<br \/>\ncirkeltr\u00e6ning<br \/>\nHoldsal<br \/>\nstep<br \/>\nTrx tower<br \/>\nT\u00e5rn<br \/>\nCenter<\/p>\n<p>l\u00e6s mere p\u00e5: <a href=\"http:\/\/fitnesskjellerup.dk\/?page_id=755\">Hurtig indmelding on-line fitness (fitnesskjellerup.dk)<\/a><\/p>\n<div data-test='contact-form' id='contact-form-6' class='wp-block-jetpack-contact-form-container '>\n<form role='form' action='http:\/\/fitnesskjellerup.dk\/#contact-form-6' method='post' class='contact-form commentsblock' novalidate>\n\n<div style=\"\" class='grunion-field-name-wrap grunion-field-wrap'  >\n<label\n\t\t\t\tfor='g6-navn'\n\t\t\t\tclass='grunion-field-label name'>Navn<span class=\"grunion-label-required\" aria-hidden=\"true\">(required)<\/span><\/label>\n<input\n\t\t\t\t\ttype='text'\n\t\t\t\t\tname='g6-navn'\n\t\t\t\t\tid='g6-navn'\n\t\t\t\t\tvalue=''\n\t\t\t\t\tclass='name  grunion-field' \n\t\t\t\t\trequired aria-required='true' \/>\n\t<\/div>\n\n<div style=\"\" class='grunion-field-email-wrap grunion-field-wrap'  >\n<label\n\t\t\t\tfor='g6-email'\n\t\t\t\tclass='grunion-field-label email'>e-mail<span class=\"grunion-label-required\" aria-hidden=\"true\">(required)<\/span><\/label>\n<input\n\t\t\t\t\ttype='email'\n\t\t\t\t\tname='g6-email'\n\t\t\t\t\tid='g6-email'\n\t\t\t\t\tvalue=''\n\t\t\t\t\tclass='email  grunion-field' \n\t\t\t\t\trequired aria-required='true' \/>\n\t<\/div>\n\n<div style=\"\" class='grunion-field-url-wrap grunion-field-wrap'  >\n<label\n\t\t\t\tfor='g6-webside'\n\t\t\t\tclass='grunion-field-label url'>Webside<\/label>\n<input\n\t\t\t\t\ttype='text'\n\t\t\t\t\tname='g6-webside'\n\t\t\t\t\tid='g6-webside'\n\t\t\t\t\tvalue=''\n\t\t\t\t\tclass='url  grunion-field' \n\t\t\t\t\ttitle=\"Please enter a valid URL - https:\/\/www.example.com\" oninvalid=\"setCustomValidity(&quot;Please enter a valid URL - https:\/\/www.example.com&quot;)\" oninput=\"setCustomValidity(&quot;&quot;)\" pattern=\"(([:\\\/a-zA-Z0-9_\\-]+)?(\\.[a-zA-Z0-9_\\-\\\/]+)+)\" data-type-override=\"url\"  \/>\n\t<\/div>\n\n<div style=\"\" class='grunion-field-textarea-wrap grunion-field-wrap'  >\n<label\n\t\t\t\tfor='contact-form-comment-g6-besked'\n\t\t\t\tclass='grunion-field-label textarea'>Besked<\/label>\n<textarea\n\t\t                style=''\n\t\t                name='g6-besked'\n\t\t                id='contact-form-comment-g6-besked'\n\t\t                rows='20' class='textarea  grunion-field'  ><\/textarea>\n\t<\/div>\n\t<p class='contact-submit'>\n\t\t<button type='submit' class='pushbutton-wide'>Submit<\/button>\t\t<input type='hidden' name='contact-form-id' value='6' \/>\n\t\t<input type='hidden' name='action' value='grunion-contact-form' \/>\n\t\t<input type='hidden' name='contact-form-hash' value='bf4591d365fa2d38988bfe48bdea72597c648b93' \/>\n\t<\/p>\n<\/form>\n<\/div>\n","protected":false},"excerpt":{"rendered":"<p>&lt;!&#8211; Google tag (gtag.js) &#8211;&gt; &lt;script async src=&#8221;https:\/\/www.googletagmanager.com\/gtag\/js?id=G-M0LDY91PQN&#8221;&gt;&lt;\/script&gt; &lt;script&gt; window.dataLayer = window.dataLayer || []; function gtag(){dataLayer.push(arguments);} gtag(&#8216;js&#8217;, new Date()); gtag(&#8216;config&#8217;, &#8216;G-M0LDY91PQN&#8217;); &lt;\/script&gt; Fitness Kjellerup Motion Motionscenter Fitnesscenter Styrketr\u00e6ning Holdtr\u00e6ning Cardio V\u00e6gte TRX Crossfit B\u00e6nkpres Squad T\u00e5rn Spinning L\u00f8beb\u00e5nd Crosstrainer Stairmaster Romaskine Kettlebell Hold Holdsal Muskel Muskler Core Core training L\u00f8b Styrke Muskeltr\u00e6ning Kondition Konditionstr\u00e6ning Puls&hellip;<\/p>\n","protected":false},"author":1,"featured_media":0,"parent":0,"menu_order":0,"comment_status":"open","ping_status":"open","template":"page-front.php","meta":{"jetpack_post_was_ever_published":false,"footnotes":""},"yoast_head":"<!-- This site is optimized with the Yoast SEO plugin v19.10 - https:\/\/yoast.com\/wordpress\/plugins\/seo\/ -->\n<title>fitness Kjellerup styrketr\u00e6ning motion cardio fitness crossfit trx<\/title>\n<meta name=\"description\" content=\"fitness motion Kjellerup styrketr\u00e6ning cardio crossfit, Fitnesscenter, Motionscenter, v\u00e6gte, TRX, b\u00e6nkpres, l\u00f8beb\u00e5nd, crosstrainer, romaskine\" \/>\n<meta name=\"robots\" content=\"index, follow, max-snippet:-1, max-image-preview:large, max-video-preview:-1\" \/>\n<link rel=\"canonical\" href=\"http:\/\/fitnesskjellerup.dk\/\" \/>\n<meta property=\"og:locale\" content=\"da_DK\" \/>\n<meta property=\"og:type\" content=\"article\" \/>\n<meta property=\"og:title\" content=\"fitness Kjellerup styrketr\u00e6ning motion cardio fitness crossfit trx\" \/>\n<meta property=\"og:description\" content=\"fitness motion Kjellerup styrketr\u00e6ning cardio crossfit, Fitnesscenter, Motionscenter, v\u00e6gte, TRX, b\u00e6nkpres, l\u00f8beb\u00e5nd, crosstrainer, romaskine\" \/>\n<meta property=\"og:url\" content=\"http:\/\/fitnesskjellerup.dk\/\" \/>\n<meta property=\"og:site_name\" content=\"Fitness Kjellerup\" \/>\n<meta property=\"article:publisher\" content=\"https:\/\/www.facebook.com\/fitnesskjellerup.dk\/?fref=ts\" \/>\n<meta property=\"article:modified_time\" content=\"2025-07-17T11:04:20+00:00\" \/>\n<meta name=\"twitter:card\" content=\"summary_large_image\" \/>\n<meta name=\"twitter:label1\" content=\"Estimeret l\u00e6setid\" \/>\n\t<meta name=\"twitter:data1\" content=\"1 minut\" \/>\n<script type=\"application\/ld+json\" class=\"yoast-schema-graph\">{\"@context\":\"https:\/\/schema.org\",\"@graph\":[{\"@type\":\"WebPage\",\"@id\":\"http:\/\/fitnesskjellerup.dk\/\",\"url\":\"http:\/\/fitnesskjellerup.dk\/\",\"name\":\"fitness Kjellerup styrketr\u00e6ning motion cardio fitness crossfit trx\",\"isPartOf\":{\"@id\":\"http:\/\/fitnesskjellerup.dk\/#website\"},\"datePublished\":\"2015-05-13T18:11:24+00:00\",\"dateModified\":\"2025-07-17T11:04:20+00:00\",\"description\":\"fitness motion Kjellerup styrketr\u00e6ning cardio crossfit, Fitnesscenter, Motionscenter, v\u00e6gte, TRX, b\u00e6nkpres, l\u00f8beb\u00e5nd, crosstrainer, romaskine\",\"breadcrumb\":{\"@id\":\"http:\/\/fitnesskjellerup.dk\/#breadcrumb\"},\"inLanguage\":\"da-DK\",\"potentialAction\":[{\"@type\":\"ReadAction\",\"target\":[\"http:\/\/fitnesskjellerup.dk\/\"]}]},{\"@type\":\"BreadcrumbList\",\"@id\":\"http:\/\/fitnesskjellerup.dk\/#breadcrumb\",\"itemListElement\":[{\"@type\":\"ListItem\",\"position\":1,\"name\":\"Hjem\",\"item\":\"http:\/\/fitnesskjellerup.dk\/\"},{\"@type\":\"ListItem\",\"position\":2,\"name\":\"Fitness Kjellerup\"}]},{\"@type\":\"WebSite\",\"@id\":\"http:\/\/fitnesskjellerup.dk\/#website\",\"url\":\"http:\/\/fitnesskjellerup.dk\/\",\"name\":\"Fitness Kjellerup\",\"description\":\"Fitness Kjellerup er det lokale fitness center for Kjellerup og omegn. Her er 1100 m2 center, med et stort udvalg af maskiner, v\u00e6gte, st\u00e6nger og kredsl\u00f8bmaskiner. Vi tilbyder on-line tilmelding og adgang via chip-brik. Der er holdtr\u00e6ning i sal, og der er stor crossfit sal med meget crosfit udstyr.  Der tilbydes omkl\u00e6dning- og badefaciliteter.\",\"publisher\":{\"@id\":\"http:\/\/fitnesskjellerup.dk\/#organization\"},\"potentialAction\":[{\"@type\":\"SearchAction\",\"target\":{\"@type\":\"EntryPoint\",\"urlTemplate\":\"http:\/\/fitnesskjellerup.dk\/?s={search_term_string}\"},\"query-input\":\"required name=search_term_string\"}],\"inLanguage\":\"da-DK\"},{\"@type\":\"Organization\",\"@id\":\"http:\/\/fitnesskjellerup.dk\/#organization\",\"name\":\"Fitness Kjellerup\",\"url\":\"http:\/\/fitnesskjellerup.dk\/\",\"logo\":{\"@type\":\"ImageObject\",\"inLanguage\":\"da-DK\",\"@id\":\"http:\/\/fitnesskjellerup.dk\/#\/schema\/logo\/image\/\",\"url\":\"https:\/\/i0.wp.com\/fitnesskjellerup.dk\/wp-content\/uploads\/2016\/07\/Logo4.jpg?fit=157%2C80\",\"contentUrl\":\"https:\/\/i0.wp.com\/fitnesskjellerup.dk\/wp-content\/uploads\/2016\/07\/Logo4.jpg?fit=157%2C80\",\"width\":157,\"height\":80,\"caption\":\"Fitness Kjellerup\"},\"image\":{\"@id\":\"http:\/\/fitnesskjellerup.dk\/#\/schema\/logo\/image\/\"},\"sameAs\":[\"https:\/\/www.facebook.com\/fitnesskjellerup.dk\/?fref=ts\"]}]}<\/script>\n<!-- \/ Yoast SEO plugin. -->","yoast_head_json":{"title":"fitness Kjellerup styrketr\u00e6ning motion cardio fitness crossfit trx","description":"fitness motion Kjellerup styrketr\u00e6ning cardio crossfit, Fitnesscenter, Motionscenter, v\u00e6gte, TRX, b\u00e6nkpres, l\u00f8beb\u00e5nd, crosstrainer, romaskine","robots":{"index":"index","follow":"follow","max-snippet":"max-snippet:-1","max-image-preview":"max-image-preview:large","max-video-preview":"max-video-preview:-1"},"canonical":"http:\/\/fitnesskjellerup.dk\/","og_locale":"da_DK","og_type":"article","og_title":"fitness Kjellerup styrketr\u00e6ning motion cardio fitness crossfit trx","og_description":"fitness motion Kjellerup styrketr\u00e6ning cardio crossfit, Fitnesscenter, Motionscenter, v\u00e6gte, TRX, b\u00e6nkpres, l\u00f8beb\u00e5nd, crosstrainer, romaskine","og_url":"http:\/\/fitnesskjellerup.dk\/","og_site_name":"Fitness Kjellerup","article_publisher":"https:\/\/www.facebook.com\/fitnesskjellerup.dk\/?fref=ts","article_modified_time":"2025-07-17T11:04:20+00:00","twitter_card":"summary_large_image","twitter_misc":{"Estimeret l\u00e6setid":"1 minut"},"schema":{"@context":"https:\/\/schema.org","@graph":[{"@type":"WebPage","@id":"http:\/\/fitnesskjellerup.dk\/","url":"http:\/\/fitnesskjellerup.dk\/","name":"fitness Kjellerup styrketr\u00e6ning motion cardio fitness crossfit trx","isPartOf":{"@id":"http:\/\/fitnesskjellerup.dk\/#website"},"datePublished":"2015-05-13T18:11:24+00:00","dateModified":"2025-07-17T11:04:20+00:00","description":"fitness motion Kjellerup styrketr\u00e6ning cardio crossfit, Fitnesscenter, Motionscenter, v\u00e6gte, TRX, b\u00e6nkpres, l\u00f8beb\u00e5nd, crosstrainer, romaskine","breadcrumb":{"@id":"http:\/\/fitnesskjellerup.dk\/#breadcrumb"},"inLanguage":"da-DK","potentialAction":[{"@type":"ReadAction","target":["http:\/\/fitnesskjellerup.dk\/"]}]},{"@type":"BreadcrumbList","@id":"http:\/\/fitnesskjellerup.dk\/#breadcrumb","itemListElement":[{"@type":"ListItem","position":1,"name":"Hjem","item":"http:\/\/fitnesskjellerup.dk\/"},{"@type":"ListItem","position":2,"name":"Fitness Kjellerup"}]},{"@type":"WebSite","@id":"http:\/\/fitnesskjellerup.dk\/#website","url":"http:\/\/fitnesskjellerup.dk\/","name":"Fitness Kjellerup","description":"Fitness Kjellerup er det lokale fitness center for Kjellerup og omegn. Her er 1100 m2 center, med et stort udvalg af maskiner, v\u00e6gte, st\u00e6nger og kredsl\u00f8bmaskiner. Vi tilbyder on-line tilmelding og adgang via chip-brik. Der er holdtr\u00e6ning i sal, og der er stor crossfit sal med meget crosfit udstyr.  Der tilbydes omkl\u00e6dning- og badefaciliteter.","publisher":{"@id":"http:\/\/fitnesskjellerup.dk\/#organization"},"potentialAction":[{"@type":"SearchAction","target":{"@type":"EntryPoint","urlTemplate":"http:\/\/fitnesskjellerup.dk\/?s={search_term_string}"},"query-input":"required name=search_term_string"}],"inLanguage":"da-DK"},{"@type":"Organization","@id":"http:\/\/fitnesskjellerup.dk\/#organization","name":"Fitness Kjellerup","url":"http:\/\/fitnesskjellerup.dk\/","logo":{"@type":"ImageObject","inLanguage":"da-DK","@id":"http:\/\/fitnesskjellerup.dk\/#\/schema\/logo\/image\/","url":"https:\/\/i0.wp.com\/fitnesskjellerup.dk\/wp-content\/uploads\/2016\/07\/Logo4.jpg?fit=157%2C80","contentUrl":"https:\/\/i0.wp.com\/fitnesskjellerup.dk\/wp-content\/uploads\/2016\/07\/Logo4.jpg?fit=157%2C80","width":157,"height":80,"caption":"Fitness Kjellerup"},"image":{"@id":"http:\/\/fitnesskjellerup.dk\/#\/schema\/logo\/image\/"},"sameAs":["https:\/\/www.facebook.com\/fitnesskjellerup.dk\/?fref=ts"]}]}},"jetpack_sharing_enabled":true,"jetpack_shortlink":"https:\/\/wp.me\/P7GUiV-6","jetpack-related-posts":[{"id":576,"url":"http:\/\/fitnesskjellerup.dk\/?page_id=576","url_meta":{"origin":6,"position":0},"title":"Om centret","author":"Fitness","date":"14. maj 2015","format":false,"excerpt":"Centret er startet i 2013. I august m\u00e5ned 2016 fik centret nye ejere og skiftede til sit nuv\u00e6rende navn, Fitness Kjellerup. Men bygningerne har en meget l\u00e6ngere og stolt historie i Kjellerup. Her l\u00e5 nemlig i mange \u00e5r byens store stolte m\u00f8belfabrik\u00a0\"Steens M\u00f8bler\" (nu Steens Group). Siden flyttede virksomheden ud\u2026","rel":"","context":"Similar post","block_context":{"text":"Similar post","link":""},"img":{"alt_text":"","src":"","width":0,"height":0},"classes":[]},{"id":579,"url":"http:\/\/fitnesskjellerup.dk\/?page_id=579","url_meta":{"origin":6,"position":1},"title":"Priser","author":"Fitness","date":"14. maj 2015","format":false,"excerpt":"\u00a0 \u00a0 \u00a0 Vi fejrer overtagelsen af Fitness Kjellerup med GRATIS oprettelse resten af 2016 - kom frisk","rel":"","context":"Similar post","block_context":{"text":"Similar post","link":""},"img":{"alt_text":"","src":"","width":0,"height":0},"classes":[]},{"id":598,"url":"http:\/\/fitnesskjellerup.dk\/?page_id=598","url_meta":{"origin":6,"position":2},"title":"Medlemsbetingelser","author":"Fitness","date":"14. maj 2015","format":false,"excerpt":"Medlemsbetingelser for Fitness Kjellerup \u00a71. Medlemskabet: Et medlemskab er personligt, og kan ikke benyttes af andre end medlemmet. Ved misbrug af medlemskab og\/eller medlemskort opkr\u00e6ves et gebyr efter g\u00e6ldende takst. For at kunne fastsl\u00e5 medlemmets identitet, opbevares et foto af medlemmet sammen med de \u00f8vrige personoplysninger. \u00c6ndringer i persondata som\u2026","rel":"","context":"Similar post","block_context":{"text":"Similar post","link":""},"img":{"alt_text":"","src":"","width":0,"height":0},"classes":[]},{"id":187,"url":"http:\/\/fitnesskjellerup.dk\/?page_id=187","url_meta":{"origin":6,"position":3},"title":"Hold","author":"Fitness","date":"1. august 2013","format":false,"excerpt":"\u00a0 \u00a0","rel":"","context":"Similar post","block_context":{"text":"Similar post","link":""},"img":{"alt_text":"","src":"","width":0,"height":0},"classes":[]},{"id":795,"url":"http:\/\/fitnesskjellerup.dk\/?page_id=795","url_meta":{"origin":6,"position":4},"title":"Handelsbetingelser","author":"Fitness","date":"3. juli 2016","format":false,"excerpt":"Handelsbetingelser Betaling Fitness Kjellerup modtager betaling med \u00a0Dankort, VISA\/Dankort, VISA, VISA Elecktron, Mastercard og Paypal. Desuden er der mulighed for at tilmelde betalingen til PBS. Betaling vil f\u00f8rst blive trukket p\u00e5 din konto, n\u00e5r du k\u00f8ber dit abonnement. Ved betalinge via PBS opkr\u00e6ves betalingen automatisk med m\u00e5nedlige opkr\u00e6vninger, s\u00e5 l\u00e6nge\u2026","rel":"","context":"Similar post","block_context":{"text":"Similar post","link":""},"img":{"alt_text":"","src":"","width":0,"height":0},"classes":[]},{"id":704,"url":"http:\/\/fitnesskjellerup.dk\/?page_id=704","url_meta":{"origin":6,"position":5},"title":"Stram op\/TRX","author":"Fitness","date":"19. oktober 2015","format":false,"excerpt":"","rel":"","context":"Similar post","block_context":{"text":"Similar post","link":""},"img":{"alt_text":"","src":"","width":0,"height":0},"classes":[]}],"amp_enabled":false,"_links":{"self":[{"href":"http:\/\/fitnesskjellerup.dk\/index.php?rest_route=\/wp\/v2\/pages\/6"}],"collection":[{"href":"http:\/\/fitnesskjellerup.dk\/index.php?rest_route=\/wp\/v2\/pages"}],"about":[{"href":"http:\/\/fitnesskjellerup.dk\/index.php?rest_route=\/wp\/v2\/types\/page"}],"author":[{"embeddable":true,"href":"http:\/\/fitnesskjellerup.dk\/index.php?rest_route=\/wp\/v2\/users\/1"}],"replies":[{"embeddable":true,"href":"http:\/\/fitnesskjellerup.dk\/index.php?rest_route=%2Fwp%2Fv2%2Fcomments&post=6"}],"version-history":[{"count":15,"href":"http:\/\/fitnesskjellerup.dk\/index.php?rest_route=\/wp\/v2\/pages\/6\/revisions"}],"predecessor-version":[{"id":1076,"href":"http:\/\/fitnesskjellerup.dk\/index.php?rest_route=\/wp\/v2\/pages\/6\/revisions\/1076"}],"wp:attachment":[{"href":"http:\/\/fitnesskjellerup.dk\/index.php?rest_route=%2Fwp%2Fv2%2Fmedia&parent=6"}],"curies":[{"name":"wp","href":"https:\/\/api.w.org\/{rel}","templated":true}]}}