{"id":598,"date":"2015-05-14T17:21:03","date_gmt":"2015-05-14T15:21:03","guid":{"rendered":"http:\/\/gym.in2fitness.dk\/?page_id=598"},"modified":"2025-07-17T11:15:59","modified_gmt":"2025-07-17T11:15:59","slug":"medlemsbetingelser","status":"publish","type":"page","link":"http:\/\/fitnesskjellerup.dk\/?page_id=598","title":{"rendered":"Medlemsbetingelser"},"content":{"rendered":"<h2>Medlemsbetingelser for Fitness Kjellerup<\/h2>\n<p><strong>\u00a71. Medlemskabet:<\/strong><br \/>\nEt medlemskab er personligt, og kan ikke benyttes af andre end medlemmet. Ved misbrug af medlemskab og\/eller medlemskort opkr\u00e6ves et gebyr efter g\u00e6ldende takst. For at kunne fastsl\u00e5 medlemmets identitet, opbevares et foto af medlemmet sammen med de \u00f8vrige personoplysninger. \u00c6ndringer i persondata som f.eks. navn, adresse, e-mail, telefonnummer, bank, kontonummer mv. skal \u00f8jeblikkeligt meddeles til Fitness Kjellerup Det er medlemmets ansvar, at Fitness Kjellerup til hver en tid har medlemmets korrekte kontaktoplysninger.<\/p>\n<p><strong>\u00a71a. Unge (13-17 \u00e5r):<\/strong><br \/>\nPersoner i alderen 13-17 \u00e5r kan tr\u00e6ne til special pris indtil den dag, de fylder 18 \u00e5r. Herefter stiger prisen for medlemskabet til Fitness Kjellerup\u2019 g\u00e6ldende normalpris for medlemskabet uden yderligere varsel.<\/p>\n<p><strong>\u00a71b. Firma:<\/strong><br \/>\nPersoner med firmamedlemskab er forpligtet til at fremvise dokumentation for ans\u00e6ttelsen, n\u00e5r Fitness Kjellerup forlanger det. Ved manglende dokumentation, stiger medlemskabet til Fitness Kjellerup\u2019 g\u00e6ldende normalpris for det valgte medlemskab uden yderligere varsel. Det samme g\u00f8r sig g\u00e6ldende, s\u00e5fremt aftalen mellem virksomheden og Fitness Kjellerup oph\u00f8rer, eller s\u00e5fremt ans\u00e6ttelsesforholdet oph\u00f8rer.<\/p>\n<p><b>\u00a71d. 13-17 \u00e5r:<br \/>\n<\/b>Personer i alderen 13-17 \u00e5r er velkommen til at tr\u00e6ne i Fitness Kjellerup, n\u00e5r \u00e9n af f\u00f8lgende 2 konditioner er opfyldt:<br \/>\na) De har en skriftlig tilladelse fra for\u00e6ldre\/v\u00e6rge<br \/>\nb) De har f\u00e5et instruktion af ansat personale i Fitness Kjellerup<\/p>\n<p><strong>\u00a71c. Formiddagstr\u00e6ning:<\/strong><br \/>\nHar du et medlemsskab til formiddagstr\u00e6ning kan du tr\u00e6ne i tidsrummet 05.00-14.00 i hverdage, samt 05.00-24.00 i weekender. Kortet giver ikke adgang til centeret udenfor dette tidsrum. Medlemsskabet kan ikke benyttes til holdtr\u00e6ning.<\/p>\n<p><strong>\u00a71d. Familie medlemsskab:<\/strong><br \/>\nVed 2 betalende\u00a0familiemedlemmer\u00a0til fuld pris, vil resten af familien kunne tr\u00e6ne til halv pris. Det skal v\u00e6re samme person som st\u00e5r for betaling. Stopper et familiemedlem, som betaler fuld pris sit medlemsskab, vil et familiemedlem til halv pris, skulle betale fuld pris istedet.<\/p>\n<p><strong>\u00a72. Medlemschip:<\/strong><br \/>\nMister eller beskadiger et medlem sin medlemschip, skal det straks meddeles til Fitness Kjellerup, som udf\u00e6rdiger en ny chip mod betaling af den til enhver tid g\u00e6ldende pris. Chippen\u00a0skal altid registreres\u00a0ved chipl\u00e6seren, ogs\u00e5 selvom d\u00f8ren er \u00e5ben. Ved indgang af 2 eller flere personer, skal deres registreres chip for alle personer, som g\u00e5r ind. Bliver chippen\u00a0misbrugt, lukkes det uden varsel, og kan gen\u00e5bnes mod betaling, til g\u00e6ldende takst.<\/p>\n<p><strong>\u00a73. Varighed:<\/strong><br \/>\nEt medlemskab er l\u00f8bende og forts\u00e6ttes til\u00a0det opsiges i henhold til \u00a7 8. \u00c5rsmedlemskaber oph\u00f8rer automatisk ved udl\u00f8b af den periode, der er betalt for. Et nyt \u00e5rsmedlemskab kan efterf\u00f8lgende k\u00f8bes til den p\u00e5 tidspunktet g\u00e6ldende normalpris.<\/p>\n<p><strong>\u00a74. Betaling:<\/strong><br \/>\nVed oprettelse af et kontantmedlemsskab forudbetales startpakke og prisen for den samlede aftaleperiode. Ved oprettelse af et l\u00f8bende medlemskab\u00a0betales kontant for startpakke og for perioden fra oprettelsen til f\u00f8rste betaling. Betales via PBS opkr\u00e6ves et gebyr efter g\u00e6ldende takster. Det er medlemmets eget ansvar at sikre, at aftalen er korrekt tilmeldt PBS. Hvis Fitness Kjellerup er n\u00f8dsaget til at fremsende indbetalingskort, betales et gebyr efter Fitness Kjellerup g\u00e6ldende takster. Betaling for medlemskab er inklusiv den moms, som Fitness Kjellerup betaler for medlemmets adgang til motionsredskaber o. lign.<\/p>\n<p><strong>\u00a75. For sen betaling:<\/strong><br \/>\nBetales den l\u00f8bende ydelse\u00a0for et medlemskab ikke til den aftalte tid, udsendes et rykkerbrev til medlemmet og desuden opkr\u00e6ves et rykkergebyr efter g\u00e6ldende takst. Hvis medlemmet ikke betaler senest 10 dage efter den angivne forfaldsdato, har Fitness Kjellerup ret til at oph\u00e6ve medlemskabet uden varsel, og Fitness Kjellerup forbeholder sig retten til at straks opkr\u00e6ve bel\u00f8bet for den resterende del af den relevante betalingsperiode. Medlemmets adgangskort sp\u00e6rres, indtil betaling af Fitness Kjellerup\u2019 tilgodehavende er sket. Efter betaling er medlemmet berettiget til at benytte Fitness Kjellerup\u2019 faciliteter indtil udl\u00f8bet af den relevante betalingsperiode.<\/p>\n<p><strong>\u00a76. Pris\u00e6ndringer:<\/strong><br \/>\nPris\u00e6ndringer meddeles via e-mail samt ved opslag i centrene og p\u00e5 websitet senest 45 dage f\u00f8r pris\u00e6ndringerne tr\u00e6der i kraft. \u00d8nsker medlemmet herefter ikke at opretholde sit medlemskab, som f\u00f8lge af pris\u00e6ndringerne, er medlemmet berettiget til at opsige sit medlemskab efter proceduren i \u00a7 8.<\/p>\n<p><strong>\u00a78. Opsigelse af medlemskaber:<\/strong><br \/>\nVed opsigelse af dit medlemskab har du et varsel p\u00e5 l\u00f8bende m\u00e5ned plus \u00e9n m\u00e5ned. Opsigelse kan ske ved personlig henvendelse i Fitness Kjellerup, hvor der underskrives med navn og dato, og der udleveres en kvittering p\u00e5 opsigelsen. Opsigelsen er g\u00e6ldende fra modtagelsesdatoen. S\u00e5fremt der opst\u00e5r tvivl om, hvorvidt et medlemskab er opsagt, skal medlemmet kunne bevise, at der uomtvisteligt er sket en opsigelse. Opsiges et kontantmedlemsskab f\u00f8r aftaleperiodens udl\u00f8b, refunderes bel\u00f8bet for de uudnyttede m\u00e5neder ikke.<\/p>\n<p><strong>\u00a79. Personer under 18 \u00e5r\/umyndiggjorte personer:<\/strong><br \/>\nEr en person under 18 \u00e5r eller umyndiggjort, kan medlemskab kun opn\u00e5s, hvis en myndig person\/v\u00e6rge tegner et medlemskab for personen p\u00e5 den myndiges\/v\u00e6rgens regning.<\/p>\n<p><strong>\u00a710. Helbredstilstand og personskade:<\/strong><br \/>\nAl tr\u00e6ning sker p\u00e5 eget ansvar. Dette g\u00e6lder, uanset om tr\u00e6ning foreg\u00e5r i Fitness Kjellerup eller i forbindelse med et arrangement udenfor fitnesscentret (eks. l\u00f8behold, deltagelse i konkurrencer, udend\u00f8rs fitness eller lignende events arrangeret af Fitness Kjellerup. Alle f\u00f8rstegangstr\u00e6nende b\u00f8r konsultere en tr\u00e6ningvejleder inden tr\u00e6ningen p\u00e5begyndes. Et medlem er selv ansvarlig for at v\u00e6re i en helbredstilstand, der tillader deltagelse i aktiviteter hos eller med Fitness Kjellerup. Fitness Kjellerup tager heller ikke ansvar for personskader p\u00e5 et medlem som f\u00f8lge af ulykker eller andre bes\u00f8gendes handlinger eller mangelfulde handlinger. I \u00f8vrigt f\u00f8lges dansk erstatningsret p\u00e5 omr\u00e5det.<\/p>\n<p><strong>\u00a711. V\u00e6rdigenstande:<\/strong><br \/>\nFitness Kjellerup anbefaler, at alle genstande af v\u00e6rdi op bevares i et afl\u00e5st skab under tr\u00e6ning. Fitness Kjellerup b\u00e6rer ikke noget ansvar for tab p\u00e5 grund af tyveri eller tingsskade.<\/p>\n<p><strong>\u00a712. Ordensregler:<\/strong><br \/>\nDet til enhver tid g\u00e6ldende ordensreglement samt anvisninger givet af Fitness Kjellerup&#8217;\u00a0personale skal altid f\u00f8lges. Overtr\u00e6delse heraf kan medf\u00f8re bortvisning. Racistiske eller nedladende udtalelser medf\u00f8rer \u00f8jeblikkelig bortvisning. Fitness Kjellerup kan i s\u00e6rlige tilf\u00e6lde forlange fremvisning af l\u00e6geerkl\u00e6ring, hvis det vurderes, at tr\u00e6ningen kan v\u00e6re sundhedsskadeligt for medlemmet.<\/p>\n<p><strong>\u00a714. Doping:<\/strong><br \/>\nFitness Kjellerup er medlem af Dansk Styrkel\u00f8ft Forbund, og Dansk Idr\u00e6tsforbund, som er underlagt Anti Doping Danmark. Du er som medlem forpligtet til at lade dig teste for doping, hvis uvildige repr\u00e6sentanter fra Anti Doping Danmark forlanger det. N\u00e6gter du at lade dig teste, uanset \u00e5rsagen hertil, bliver det betragtet som en positiv pr\u00f8ve. En positiv pr\u00f8ve medf\u00f8rer, at dit medlemskab oph\u00f8rer med \u00f8jeblikkelig virkning, og at du skal betale for alle omkostninger i forbindelse med dopingtesten. Oplysninger om din evt. positive pr\u00f8ve bliver givet videre til Anti Doping Danmark, og en positiv pr\u00f8ve medf\u00f8rer mindst 2 \u00e5rs udelukkelse fra tr\u00e6ning i alle motionscentre, der er tilknyttet Anti Doping Danmark<\/p>\n<p><strong>\u00a715. Udelukkelse af medlem:<\/strong><br \/>\nFitness Kjellerup kan opsige enhver aftale om medlemskab uden yderligere varsel. I tilf\u00e6lde af Fitness Kjellerup&#8217;\u00a0opsigelse vil samtlige uudnyttede forudbetalinger blive tilbagebetalt. S\u00e5fremt Fitness Kjellerup oph\u00e6ver en aftale om medlemskab p\u00e5 grund af et medlems v\u00e6sentlige misligholdelse af de g\u00e6ldende medlemsbetingelser eller ordensreglement, vil der ikke ske tilbagebetaling af nogen art. Som v\u00e6sentlig misligholdelse betragtes blandt andet doping, gentagne udl\u00e5n af medlemskort og racistiske udtalelser i Fitness Kjellerup.<\/p>\n<p><strong>\u00a715. B\u00f8rn i centeret:<\/strong><br \/>\nB\u00f8rn m\u00e5 af sikkerhedsm\u00e6ssige \u00e5rsager kun opholde sig i b\u00f8rneomr\u00e5det, samt sidde i caf\u00e9omr\u00e5det.<br \/>\nDu m\u00e5 gerne have din baby med rundt i centeret i en lift, husk blot at udvise hensyn til de andre medlemmer.\u00a0B\u00f8rn i centeret er p\u00e5 eget ansvar.<\/p>\n<p><strong>$16 \u00c5bningstider:<\/strong><br \/>\n\u00c5bningstiden er alle dage fra 05.00-24.00. Uden for tidsrummet virker dit medlemskort ikke. Du skal v\u00e6re ude 24.00, da alarmen bliver sl\u00e5et til. Overholdes dette ikke, og alarmen bliver udl\u00f8st, betales gebyr efter g\u00e6ldende takst.<\/p>\n<p><strong>$17 Medlemskab i bero:<\/strong><br \/>\nDu kan s\u00e6tte dit medlemskab i bero efter g\u00e6ldende takst. G\u00e6ldende regler for dette er, minimum 2 sammenh\u00e6ngende uger, og maksimum 8 uger pr. \u00e5r. Et medlemsskab kan ikke opsiges i perioden hvor medlemsskabet er i bero.<\/p>\n<p><strong>\u00a718.\u00a0\u00c6ndring af medlemsbetingelser:<br \/>\n<\/strong>Fitness Kjellerup kan \u00e6ndre medlemsbetingelserne med et varsel p\u00e5 45 dage. Ved v\u00e6sentlige \u00e6ndringer i medlemsvilk\u00e5rene varsles medlemmet via e-mail samt opslag i centrene og p\u00e5 websitet. Medlemmet er til enhver tid underlagt den seneste version af medlemsbetingelserne, som kan findes p\u00e5 Fitness Kjellerup&#8217;\u00a0website. \u00d8nsker medlemmet herefter ikke at opretholde sit medlemskab, som f\u00f8lge af vilk\u00e5rs\u00e6ndringerne, er medlemmet berettiget til at opsige sit medlemskab efter proceduren i \u00a7 8. Fitness Kjellerup har ret til at foretage s\u00e6dvanlige \u00e6ndringer i ordensreglement, holdaktiviteter, lokaler, udstyr og \u00e5bningstider. Det er medlemmets eget ansvar at holde sig opdateret af g\u00e6ldende medlemsbetingelser.<\/p>\n","protected":false},"excerpt":{"rendered":"<p>Medlemsbetingelser for Fitness Kjellerup \u00a71. Medlemskabet: Et medlemskab er personligt, og kan ikke benyttes af andre end medlemmet. Ved misbrug af medlemskab og\/eller medlemskort opkr\u00e6ves et gebyr efter g\u00e6ldende takst. For at kunne fastsl\u00e5 medlemmets identitet, opbevares et foto af medlemmet sammen med de \u00f8vrige personoplysninger. \u00c6ndringer i persondata som f.eks. navn, adresse, e-mail, telefonnummer,&hellip;<\/p>\n","protected":false},"author":1,"featured_media":0,"parent":0,"menu_order":0,"comment_status":"open","ping_status":"open","template":"","meta":{"jetpack_post_was_ever_published":false,"footnotes":""},"yoast_head":"<!-- This site is optimized with the Yoast SEO plugin v19.10 - https:\/\/yoast.com\/wordpress\/plugins\/seo\/ -->\n<title>Medlemsbetingelser - Fitness Kjellerup<\/title>\n<meta name=\"robots\" content=\"index, follow, max-snippet:-1, max-image-preview:large, max-video-preview:-1\" \/>\n<link rel=\"canonical\" href=\"http:\/\/fitnesskjellerup.dk\/?page_id=598\" \/>\n<meta property=\"og:locale\" content=\"da_DK\" \/>\n<meta property=\"og:type\" content=\"article\" \/>\n<meta property=\"og:title\" content=\"Medlemsbetingelser - Fitness Kjellerup\" \/>\n<meta property=\"og:description\" content=\"Medlemsbetingelser for Fitness Kjellerup \u00a71. Medlemskabet: Et medlemskab er personligt, og kan ikke benyttes af andre end medlemmet. Ved misbrug af medlemskab og\/eller medlemskort opkr\u00e6ves et gebyr efter g\u00e6ldende takst. For at kunne fastsl\u00e5 medlemmets identitet, opbevares et foto af medlemmet sammen med de \u00f8vrige personoplysninger. \u00c6ndringer i persondata som f.eks. navn, adresse, e-mail, telefonnummer,&hellip;\" \/>\n<meta property=\"og:url\" content=\"http:\/\/fitnesskjellerup.dk\/?page_id=598\" \/>\n<meta property=\"og:site_name\" content=\"Fitness Kjellerup\" \/>\n<meta property=\"article:publisher\" content=\"https:\/\/www.facebook.com\/fitnesskjellerup.dk\/?fref=ts\" \/>\n<meta property=\"article:modified_time\" content=\"2025-07-17T11:15:59+00:00\" \/>\n<meta name=\"twitter:card\" content=\"summary_large_image\" \/>\n<meta name=\"twitter:label1\" content=\"Estimeret l\u00e6setid\" \/>\n\t<meta name=\"twitter:data1\" content=\"7 minutter\" \/>\n<script type=\"application\/ld+json\" class=\"yoast-schema-graph\">{\"@context\":\"https:\/\/schema.org\",\"@graph\":[{\"@type\":\"WebPage\",\"@id\":\"http:\/\/fitnesskjellerup.dk\/?page_id=598\",\"url\":\"http:\/\/fitnesskjellerup.dk\/?page_id=598\",\"name\":\"Medlemsbetingelser - Fitness Kjellerup\",\"isPartOf\":{\"@id\":\"http:\/\/fitnesskjellerup.dk\/#website\"},\"datePublished\":\"2015-05-14T15:21:03+00:00\",\"dateModified\":\"2025-07-17T11:15:59+00:00\",\"breadcrumb\":{\"@id\":\"http:\/\/fitnesskjellerup.dk\/?page_id=598#breadcrumb\"},\"inLanguage\":\"da-DK\",\"potentialAction\":[{\"@type\":\"ReadAction\",\"target\":[\"http:\/\/fitnesskjellerup.dk\/?page_id=598\"]}]},{\"@type\":\"BreadcrumbList\",\"@id\":\"http:\/\/fitnesskjellerup.dk\/?page_id=598#breadcrumb\",\"itemListElement\":[{\"@type\":\"ListItem\",\"position\":1,\"name\":\"Hjem\",\"item\":\"http:\/\/fitnesskjellerup.dk\/\"},{\"@type\":\"ListItem\",\"position\":2,\"name\":\"Medlemsbetingelser\"}]},{\"@type\":\"WebSite\",\"@id\":\"http:\/\/fitnesskjellerup.dk\/#website\",\"url\":\"http:\/\/fitnesskjellerup.dk\/\",\"name\":\"Fitness Kjellerup\",\"description\":\"Fitness Kjellerup er det lokale fitness center for Kjellerup og omegn. Her er 1100 m2 center, med et stort udvalg af maskiner, v\u00e6gte, st\u00e6nger og kredsl\u00f8bmaskiner. Vi tilbyder on-line tilmelding og adgang via chip-brik. Der er holdtr\u00e6ning i sal, og der er stor crossfit sal med meget crosfit udstyr.  Der tilbydes omkl\u00e6dning- og badefaciliteter.\",\"publisher\":{\"@id\":\"http:\/\/fitnesskjellerup.dk\/#organization\"},\"potentialAction\":[{\"@type\":\"SearchAction\",\"target\":{\"@type\":\"EntryPoint\",\"urlTemplate\":\"http:\/\/fitnesskjellerup.dk\/?s={search_term_string}\"},\"query-input\":\"required name=search_term_string\"}],\"inLanguage\":\"da-DK\"},{\"@type\":\"Organization\",\"@id\":\"http:\/\/fitnesskjellerup.dk\/#organization\",\"name\":\"Fitness Kjellerup\",\"url\":\"http:\/\/fitnesskjellerup.dk\/\",\"logo\":{\"@type\":\"ImageObject\",\"inLanguage\":\"da-DK\",\"@id\":\"http:\/\/fitnesskjellerup.dk\/#\/schema\/logo\/image\/\",\"url\":\"https:\/\/i0.wp.com\/fitnesskjellerup.dk\/wp-content\/uploads\/2016\/07\/Logo4.jpg?fit=157%2C80\",\"contentUrl\":\"https:\/\/i0.wp.com\/fitnesskjellerup.dk\/wp-content\/uploads\/2016\/07\/Logo4.jpg?fit=157%2C80\",\"width\":157,\"height\":80,\"caption\":\"Fitness Kjellerup\"},\"image\":{\"@id\":\"http:\/\/fitnesskjellerup.dk\/#\/schema\/logo\/image\/\"},\"sameAs\":[\"https:\/\/www.facebook.com\/fitnesskjellerup.dk\/?fref=ts\"]}]}<\/script>\n<!-- \/ Yoast SEO plugin. -->","yoast_head_json":{"title":"Medlemsbetingelser - Fitness Kjellerup","robots":{"index":"index","follow":"follow","max-snippet":"max-snippet:-1","max-image-preview":"max-image-preview:large","max-video-preview":"max-video-preview:-1"},"canonical":"http:\/\/fitnesskjellerup.dk\/?page_id=598","og_locale":"da_DK","og_type":"article","og_title":"Medlemsbetingelser - Fitness Kjellerup","og_description":"Medlemsbetingelser for Fitness Kjellerup \u00a71. Medlemskabet: Et medlemskab er personligt, og kan ikke benyttes af andre end medlemmet. Ved misbrug af medlemskab og\/eller medlemskort opkr\u00e6ves et gebyr efter g\u00e6ldende takst. For at kunne fastsl\u00e5 medlemmets identitet, opbevares et foto af medlemmet sammen med de \u00f8vrige personoplysninger. \u00c6ndringer i persondata som f.eks. navn, adresse, e-mail, telefonnummer,&hellip;","og_url":"http:\/\/fitnesskjellerup.dk\/?page_id=598","og_site_name":"Fitness Kjellerup","article_publisher":"https:\/\/www.facebook.com\/fitnesskjellerup.dk\/?fref=ts","article_modified_time":"2025-07-17T11:15:59+00:00","twitter_card":"summary_large_image","twitter_misc":{"Estimeret l\u00e6setid":"7 minutter"},"schema":{"@context":"https:\/\/schema.org","@graph":[{"@type":"WebPage","@id":"http:\/\/fitnesskjellerup.dk\/?page_id=598","url":"http:\/\/fitnesskjellerup.dk\/?page_id=598","name":"Medlemsbetingelser - Fitness Kjellerup","isPartOf":{"@id":"http:\/\/fitnesskjellerup.dk\/#website"},"datePublished":"2015-05-14T15:21:03+00:00","dateModified":"2025-07-17T11:15:59+00:00","breadcrumb":{"@id":"http:\/\/fitnesskjellerup.dk\/?page_id=598#breadcrumb"},"inLanguage":"da-DK","potentialAction":[{"@type":"ReadAction","target":["http:\/\/fitnesskjellerup.dk\/?page_id=598"]}]},{"@type":"BreadcrumbList","@id":"http:\/\/fitnesskjellerup.dk\/?page_id=598#breadcrumb","itemListElement":[{"@type":"ListItem","position":1,"name":"Hjem","item":"http:\/\/fitnesskjellerup.dk\/"},{"@type":"ListItem","position":2,"name":"Medlemsbetingelser"}]},{"@type":"WebSite","@id":"http:\/\/fitnesskjellerup.dk\/#website","url":"http:\/\/fitnesskjellerup.dk\/","name":"Fitness Kjellerup","description":"Fitness Kjellerup er det lokale fitness center for Kjellerup og omegn. Her er 1100 m2 center, med et stort udvalg af maskiner, v\u00e6gte, st\u00e6nger og kredsl\u00f8bmaskiner. Vi tilbyder on-line tilmelding og adgang via chip-brik. Der er holdtr\u00e6ning i sal, og der er stor crossfit sal med meget crosfit udstyr.  Der tilbydes omkl\u00e6dning- og badefaciliteter.","publisher":{"@id":"http:\/\/fitnesskjellerup.dk\/#organization"},"potentialAction":[{"@type":"SearchAction","target":{"@type":"EntryPoint","urlTemplate":"http:\/\/fitnesskjellerup.dk\/?s={search_term_string}"},"query-input":"required name=search_term_string"}],"inLanguage":"da-DK"},{"@type":"Organization","@id":"http:\/\/fitnesskjellerup.dk\/#organization","name":"Fitness Kjellerup","url":"http:\/\/fitnesskjellerup.dk\/","logo":{"@type":"ImageObject","inLanguage":"da-DK","@id":"http:\/\/fitnesskjellerup.dk\/#\/schema\/logo\/image\/","url":"https:\/\/i0.wp.com\/fitnesskjellerup.dk\/wp-content\/uploads\/2016\/07\/Logo4.jpg?fit=157%2C80","contentUrl":"https:\/\/i0.wp.com\/fitnesskjellerup.dk\/wp-content\/uploads\/2016\/07\/Logo4.jpg?fit=157%2C80","width":157,"height":80,"caption":"Fitness Kjellerup"},"image":{"@id":"http:\/\/fitnesskjellerup.dk\/#\/schema\/logo\/image\/"},"sameAs":["https:\/\/www.facebook.com\/fitnesskjellerup.dk\/?fref=ts"]}]}},"jetpack_sharing_enabled":true,"jetpack_shortlink":"https:\/\/wp.me\/P7GUiV-9E","jetpack-related-posts":[{"id":755,"url":"http:\/\/fitnesskjellerup.dk\/?page_id=755","url_meta":{"origin":598,"position":0},"title":"Indmelding","author":"Fitness","date":"5. januar 2016","format":false,"excerpt":"ONLINE K\u00d8B AF MEDLEMSKAB Det tager max. 5\u00a0minutter\u00a0- lettere bliver det ikke - klik p\u00e5 nedenst\u00e5ende gr\u00f8nne bold. OBS: Klik under \"tilbud\" for at se centrets nyeste og bedste tilbud. Her fremg\u00e5r b\u00e5de priser og vilk\u00e5r. N\u00e5r du har bekr\u00e6ftet dit medlemskab, sender vi dig en velkomst mail, hvorefter du\u2026","rel":"","context":"Similar post","block_context":{"text":"Similar post","link":""},"img":{"alt_text":"in2fitness indmeldelse","src":"https:\/\/i0.wp.com\/fitnesskjellerup.dk\/wp-content\/uploads\/2016\/01\/Online-indmelding-popup-1.png?resize=350%2C200","width":350,"height":200},"classes":[]},{"id":795,"url":"http:\/\/fitnesskjellerup.dk\/?page_id=795","url_meta":{"origin":598,"position":1},"title":"Handelsbetingelser","author":"Fitness","date":"3. juli 2016","format":false,"excerpt":"Handelsbetingelser Betaling Fitness Kjellerup modtager betaling med \u00a0Dankort, VISA\/Dankort, VISA, VISA Elecktron, Mastercard og Paypal. Desuden er der mulighed for at tilmelde betalingen til PBS. Betaling vil f\u00f8rst blive trukket p\u00e5 din konto, n\u00e5r du k\u00f8ber dit abonnement. Ved betalinge via PBS opkr\u00e6ves betalingen automatisk med m\u00e5nedlige opkr\u00e6vninger, s\u00e5 l\u00e6nge\u2026","rel":"","context":"Similar post","block_context":{"text":"Similar post","link":""},"img":{"alt_text":"","src":"","width":0,"height":0},"classes":[]},{"id":576,"url":"http:\/\/fitnesskjellerup.dk\/?page_id=576","url_meta":{"origin":598,"position":2},"title":"Om centret","author":"Fitness","date":"14. maj 2015","format":false,"excerpt":"Centret er startet i 2013. I august m\u00e5ned 2016 fik centret nye ejere og skiftede til sit nuv\u00e6rende navn, Fitness Kjellerup. Men bygningerne har en meget l\u00e6ngere og stolt historie i Kjellerup. Her l\u00e5 nemlig i mange \u00e5r byens store stolte m\u00f8belfabrik\u00a0\"Steens M\u00f8bler\" (nu Steens Group). Siden flyttede virksomheden ud\u2026","rel":"","context":"Similar post","block_context":{"text":"Similar post","link":""},"img":{"alt_text":"","src":"","width":0,"height":0},"classes":[]},{"id":966,"url":"http:\/\/fitnesskjellerup.dk\/?page_id=966","url_meta":{"origin":598,"position":3},"title":"Personlig tr\u00e6ner","author":"Fitness","date":"5. maj 2021","format":false,"excerpt":"Ny Personlig Tr\u00e6ner i Fitness KjellerupBj\u00f8rg Risgaard tilbyder personlig tr\u00e6ning i Fitness Kjellerup. Om Bj\u00f8rg:- Uddannet personlig tr\u00e6ner ved Health Lab.- Mange \u00e5rs personlig erfaring med styrketr\u00e6ning. Tr\u00e6ner b\u00e5de crossfit og klassisk styrketr\u00e6ning med friv\u00e6gte og maskiner.- Crossfit instrukt\u00f8r.- Tidligere h\u00e5ndboldspiller p\u00e5 eliteplan.- Uddannet kok, med stor interesse og viden\u2026","rel":"","context":"Similar post","block_context":{"text":"Similar post","link":""},"img":{"alt_text":"","src":"","width":0,"height":0},"classes":[]},{"id":6,"url":"http:\/\/fitnesskjellerup.dk\/","url_meta":{"origin":598,"position":4},"title":"Fitness Kjellerup","author":"Fitness","date":"13. maj 2015","format":false,"excerpt":"<!-- Google tag (gtag.js) --> <script async src=\"https:\/\/www.googletagmanager.com\/gtag\/js?id=G-M0LDY91PQN\"><\/script> <script> window.dataLayer = window.dataLayer || []; function gtag(){dataLayer.push(arguments);} gtag('js', new Date()); gtag('config', 'G-M0LDY91PQN'); <\/script> Fitness Kjellerup Motion Motionscenter Fitnesscenter Styrketr\u00e6ning Holdtr\u00e6ning Cardio V\u00e6gte TRX Crossfit B\u00e6nkpres Squad T\u00e5rn Spinning L\u00f8beb\u00e5nd Crosstrainer Stairmaster Romaskine Kettlebell Hold Holdsal Muskel Muskler Core Core training L\u00f8b\u2026","rel":"","context":"Similar post","block_context":{"text":"Similar post","link":""},"img":{"alt_text":"","src":"","width":0,"height":0},"classes":[]},{"id":579,"url":"http:\/\/fitnesskjellerup.dk\/?page_id=579","url_meta":{"origin":598,"position":5},"title":"Priser","author":"Fitness","date":"14. maj 2015","format":false,"excerpt":"\u00a0 \u00a0 \u00a0 Vi fejrer overtagelsen af Fitness Kjellerup med GRATIS oprettelse resten af 2016 - kom frisk","rel":"","context":"Similar post","block_context":{"text":"Similar post","link":""},"img":{"alt_text":"","src":"","width":0,"height":0},"classes":[]}],"amp_enabled":true,"_links":{"self":[{"href":"http:\/\/fitnesskjellerup.dk\/index.php?rest_route=\/wp\/v2\/pages\/598"}],"collection":[{"href":"http:\/\/fitnesskjellerup.dk\/index.php?rest_route=\/wp\/v2\/pages"}],"about":[{"href":"http:\/\/fitnesskjellerup.dk\/index.php?rest_route=\/wp\/v2\/types\/page"}],"author":[{"embeddable":true,"href":"http:\/\/fitnesskjellerup.dk\/index.php?rest_route=\/wp\/v2\/users\/1"}],"replies":[{"embeddable":true,"href":"http:\/\/fitnesskjellerup.dk\/index.php?rest_route=%2Fwp%2Fv2%2Fcomments&post=598"}],"version-history":[{"count":3,"href":"http:\/\/fitnesskjellerup.dk\/index.php?rest_route=\/wp\/v2\/pages\/598\/revisions"}],"predecessor-version":[{"id":832,"href":"http:\/\/fitnesskjellerup.dk\/index.php?rest_route=\/wp\/v2\/pages\/598\/revisions\/832"}],"wp:attachment":[{"href":"http:\/\/fitnesskjellerup.dk\/index.php?rest_route=%2Fwp%2Fv2%2Fmedia&parent=598"}],"curies":[{"name":"wp","href":"https:\/\/api.w.org\/{rel}","templated":true}]}}